{"id":2299,"date":"2024-09-26T17:59:46","date_gmt":"2024-09-26T17:59:46","guid":{"rendered":"https:\/\/vaikasinternete.lt\/?page_id=2299"},"modified":"2024-12-19T18:25:32","modified_gmt":"2024-12-19T18:25:32","slug":"mokymai-specialistams","status":"publish","type":"page","link":"https:\/\/vaikasinternete.lt\/?page_id=2299","title":{"rendered":"Mokymai specialistams"},"content":{"rendered":"<section class=\"wpb-content-wrapper\"><p>[vc_row][vc_column][vc_column_text]<\/p>\r\n<p style=\"text-align: left;\"><img decoding=\"async\" class=\"size-medium wp-image-2514 aligncenter\" src=\"https:\/\/vaikasinternete.lt\/wp-content\/uploads\/2024\/11\/IMG_20241128_103712-300x225.jpg\" alt=\"\" width=\"300\" height=\"225\" srcset=\"https:\/\/vaikasinternete.lt\/wp-content\/uploads\/2024\/11\/IMG_20241128_103712-300x225.jpg 300w, https:\/\/vaikasinternete.lt\/wp-content\/uploads\/2024\/11\/IMG_20241128_103712-1024x768.jpg 1024w, https:\/\/vaikasinternete.lt\/wp-content\/uploads\/2024\/11\/IMG_20241128_103712-768x576.jpg 768w, https:\/\/vaikasinternete.lt\/wp-content\/uploads\/2024\/11\/IMG_20241128_103712-1536x1152.jpg 1536w, https:\/\/vaikasinternete.lt\/wp-content\/uploads\/2024\/11\/IMG_20241128_103712-2048x1536.jpg 2048w\" sizes=\"(max-width: 300px) 100vw, 300px\" \/><\/p>\r\n<p style=\"text-align: left;\">2024 m. spalio &#8211; lapkri\u010dio m\u0117n. buvo suorganizuoti 6 mokymai visuomen\u0117s sveikatos specialistams. Viso dalyvavo 208 dalyviai.\u00a0<span style=\"color: #333333;\"><strong>Mokym\u0173 tema:<\/strong> &#8222;Probleminio medij\u0173 naudojimo \u012fveika ikimokyklinio ir prie\u0161mokyklinio ugdymo \u012fstaigose&#8221;. <strong>Mokym\u0173 specialistams apimtis: <\/strong>viso 8 akademin\u0117s valandos mokym\u0173 su 2 kavos pertrauk\u0117l\u0117mis ir pietumis. Mokymai dalyviams buvo nemokami. Dalyviams i\u0161duoti pa\u017eym\u0117jimai.<\/span><\/p>\r\n<p style=\"text-align: center;\"><span style=\"color: #333333;\">Mokymai <span style=\"text-decoration: underline;\"><strong>KAUNO RAJ. SAVIVALDYB\u0116JE (20 dalyvi\u0173)<\/strong><\/span><br \/><\/span><span style=\"color: #333333;\"><strong>Data:<\/strong> 2024 m. spalio 29 d. <strong>Adresas:<\/strong> Vytauto g. 21, Garliava (Kauno raj. sav. Vie\u0161oji biblioteka)<br \/><\/span><\/p>\r\n<p style=\"text-align: center;\"><span style=\"color: #ff0000;\"><strong><a style=\"color: #ff0000;\" href=\"https:\/\/www.youtube.com\/playlist?list=PLPnwb9cvGGxD-rBBe3M0rgdcYqk7ajgom\" target=\"_blank\" rel=\"noopener\">Mokym\u0173 Garliavoje vaizdo \u012fra\u0161as<\/a><\/strong><\/span><\/p>\r\n<p style=\"text-align: center;\"><span style=\"color: #333333;\">Mokymai <span style=\"text-decoration: underline;\"><strong>KLAIP\u0116DOS M. SAVIVALDYB\u0116JE (40 dalyvi\u0173)<\/strong><\/span><\/span><br \/><span style=\"color: #333333;\"><strong>Data:<\/strong> 2024 m. spalio 31 d. <\/span><span style=\"color: #333333;\"><strong>Adresas:<\/strong> Taikos pr. 76, Klaip\u0117da<\/span><\/p>\r\n<p style=\"text-align: center;\"><span style=\"color: #333333;\">Mokymai <span style=\"text-decoration: underline;\"><strong>\u0160IAULI\u0172 M. SAVIVALDYB\u0116JE (45 dalyviai)<\/strong><\/span><\/span><br \/><span style=\"color: #333333;\"><strong>Data:<\/strong> 2024 m. lapkri\u010dio 7 d. <\/span><span style=\"color: #333333;\"><strong>Adresas:<\/strong> Varpo g. 9-2, \u0160iauliai<\/span><\/p>\r\n<p style=\"text-align: center;\"><span style=\"color: #333333;\">Mokymai <span style=\"text-decoration: underline;\"><strong>VILNIAUS M. SAVIVALDYB\u0116JE (35 dalyviai)<\/strong><\/span><\/span><br \/><span style=\"color: #333333;\"><strong>Data:<\/strong> 2024 m. lapkri\u010dio 20 d. <\/span><span style=\"color: #333333;\"><strong>Adresas:<\/strong> M. K. \u010ciurlionio g. 100, Vilnius (Vingio parko Estrada)<\/span><\/p>\r\n<p style=\"text-align: center;\"><span style=\"color: #333333;\">Mokymai <span style=\"text-decoration: underline;\"><strong>PANEV\u0116\u017dIO M. SAVIVALD<\/strong><\/span><\/span><span style=\"color: #333333;\"><span style=\"text-decoration: underline;\"><strong>YB\u0116JE (40 dalyvi\u0173)<\/strong><\/span><\/span><br \/><span style=\"color: #333333;\"><strong>Data:<\/strong> 2024 m. lapkri\u010dio 27 d. <\/span><span style=\"color: #333333;\"><strong>Adresas:<\/strong> Respublikos g. 68, Panev\u0117\u017eys<\/span><\/p>\r\n<p style=\"text-align: center;\"><span style=\"color: #333333;\">Mokymai <span style=\"text-decoration: underline;\"><strong>TEL\u0160I\u0172 RAJ. SAVIVALD<\/strong><\/span><\/span><span style=\"text-decoration: underline;\"><strong><span style=\"color: #333333; text-decoration: underline;\">YB\u0116JE (28 dalyviai)<\/span><\/strong><\/span><br \/><span style=\"color: #333333;\"><strong>Data:<\/strong> 2024 m. lapkri\u010dio 28 d. <\/span><span style=\"color: #333333;\"><strong>Adresas:<\/strong> D\u017eiugo g. 6, Tel\u0161iai<\/span><\/p>\r\n<p style=\"text-align: center;\"><span style=\"color: #0000ff;\"><strong><a style=\"color: #0000ff;\" href=\"https:\/\/vaikasinternete.lt\/wp-content\/uploads\/2024\/11\/Mokymu-VSS-programa.pdf\" target=\"_blank\" rel=\"noopener\">MOKYM\u0172 PROGRAMA<\/a><\/strong><\/span><\/p>\r\n<p>Mokym\u0173 turinys remiasi<span style=\"font-size: 1rem;\">\u00a0<\/span><a style=\"color: #333333;\" href=\"https:\/\/vaikasinternete.lt\/?page_id=2269\">metodiniu vadovu ir praktiniu gidu specialistams<\/a><span style=\"font-size: 1rem;\">.\u00a0<\/span><\/p>\r\n<p><span style=\"text-decoration: underline;\"><strong>Mokym\u0173 metu naudoti pristatymai:<\/strong><\/span><\/p>\r\n<ul>\r\n<li><a href=\"https:\/\/vaikasinternete.lt\/wp-content\/uploads\/2024\/11\/1-dalis-Ramunas-Ausrotas.pdf\" target=\"_blank\" rel=\"noopener\">1 dalis (Ram\u016bnas Au\u0161rotas)<\/a><\/li>\r\n<li><a href=\"https:\/\/vaikasinternete.lt\/wp-content\/uploads\/2024\/11\/2-dalis-Ramunas-Ausrotas.pdf\" target=\"_blank\" rel=\"noopener\">2 dalis (Ram\u016bnas Au\u0161rotas)<\/a><\/li>\r\n<li><a href=\"https:\/\/vaikasinternete.lt\/wp-content\/uploads\/2024\/11\/3-dalis-Ramunas-Ausrotas.pdf\" target=\"_blank\" rel=\"noopener\">3 dalis (Ram\u016bnas Au\u0161rotas)<\/a><\/li>\r\n<li><a href=\"https:\/\/vaikasinternete.lt\/wp-content\/uploads\/2024\/11\/123-dalys-Giedre-Kisiele.pdf\" target=\"_blank\" rel=\"noopener\">1,2,3 dalys (Giedr\u0117 Kisiel\u0117)<\/a><\/li>\r\n<li><a href=\"https:\/\/vaikasinternete.lt\/wp-content\/uploads\/2024\/11\/456-dalys-L.Jakstiene-J.Pukeliene.pdf\" target=\"_blank\" rel=\"noopener\">4,5,6 dalys (Lolita Jak\u0161tien\u0117, Jolita Pukelien\u0117)<\/a><\/li>\r\n<\/ul>\r\n<p style=\"text-align: center;\"><span style=\"color: #0000ff;\"><strong><a style=\"color: #0000ff;\" href=\"https:\/\/vaikasinternete.lt\/wp-content\/uploads\/2024\/12\/VSS-griztamojo-rysio-apklausos-ATASKAITA.pdf\" target=\"_blank\" rel=\"noopener\">MOKYM\u0172 \u012eVERTINIMO APKLAUSOS ATASKAITA<\/a><\/strong><\/span><\/p>\r\n<p><span style=\"color: #333333;\"><strong>Mokym\u0173 lektoriai:<\/strong><\/span><\/p>\r\n<ul>\r\n<li><span style=\"color: #333333;\">Giedr\u0117 Kisiel\u0117 (konsultant\u0117, edukator\u0117, psichoterapeut\u0117 kandidat\u0117 Giedr\u0117 Kisiel\u0117)<\/span><\/li>\r\n<li><span style=\"color: #333333;\">Ram\u016bnas Au\u0161rotas (teisininkas, edukologas)<\/span><\/li>\r\n<li><span style=\"color: #333333;\">Jolita Pukelien\u0117 (visuomen\u0117s sveikatos specialist\u0117)<\/span><\/li>\r\n<li><span style=\"color: #333333;\">Lolita Jak\u0161tien\u0117 (visuomen\u0117s sveikatos specialist\u0117)<\/span><\/li>\r\n<\/ul>\r\n<p><span style=\"color: #333333;\"><strong>U\u017e mokym\u0173 organizavim\u0105 atsakingas asmuo:<\/strong> Jogail\u0117 Au\u0161rotait\u0117, mob. +37063370890, el.p. <a style=\"color: #333333;\" href=\"mailto:jogaileaus@gmail.com\">jogaileaus@gmail.com<\/a><\/span><\/p>\r\n<p class=\"has-text-align-center\"><\/p>\r\n\r\n<p class=\"has-text-align-center\"><\/p>\r\n<p>[\/vc_column_text][\/vc_column][\/vc_row]<\/p><\/section>","protected":false},"excerpt":{"rendered":"<p>[vc_row][vc_column][vc_column_text] 2024 m. spalio &#8211; lapkri\u010dio m\u0117n. buvo suorganizuoti 6 mokymai visuomen\u0117s sveikatos specialistams. Viso dalyvavo 208 dalyviai.\u00a0Mokym\u0173 tema: &#8222;Probleminio medij\u0173 naudojimo \u012fveika ikimokyklinio ir prie\u0161mokyklinio ugdymo \u012fstaigose&#8221;. Mokym\u0173 specialistams apimtis: viso 8 akademin\u0117s valandos mokym\u0173 su 2 kavos pertrauk\u0117l\u0117mis ir pietumis. Mokymai dalyviams buvo nemokami. Dalyviams i\u0161duoti pa\u017eym\u0117jimai. Mokymai KAUNO RAJ. SAVIVALDYB\u0116JE (20 dalyvi\u0173)Data: [&hellip;]<\/p>\n","protected":false},"author":1,"featured_media":0,"parent":0,"menu_order":0,"comment_status":"closed","ping_status":"closed","template":"page-templates\/template-2024.php","meta":{"_editorskit_title_hidden":false,"_editorskit_reading_time":0,"_editorskit_is_block_options_detached":false,"_editorskit_block_options_position":"{}","footnotes":""},"class_list":["post-2299","page","type-page","status-publish","hentry"],"yoast_head":"<!-- This site is optimized with the Yoast SEO Premium plugin v19.5 (Yoast SEO v23.4) - https:\/\/yoast.com\/wordpress\/plugins\/seo\/ -->\n<title>Mokymai specialistams - Vaikas internete<\/title>\n<meta name=\"robots\" content=\"index, follow, max-snippet:-1, max-image-preview:large, max-video-preview:-1\" \/>\n<link rel=\"canonical\" href=\"https:\/\/vaikasinternete.lt\/?page_id=2299\" \/>\n<meta property=\"og:locale\" content=\"lt_LT\" \/>\n<meta property=\"og:type\" content=\"article\" \/>\n<meta property=\"og:title\" content=\"Mokymai specialistams\" \/>\n<meta property=\"og:description\" content=\"[vc_row][vc_column][vc_column_text] 2024 m. spalio &#8211; lapkri\u010dio m\u0117n. buvo suorganizuoti 6 mokymai visuomen\u0117s sveikatos specialistams. Viso dalyvavo 208 dalyviai.\u00a0Mokym\u0173 tema: &#8222;Probleminio medij\u0173 naudojimo \u012fveika ikimokyklinio ir prie\u0161mokyklinio ugdymo \u012fstaigose&#8221;. Mokym\u0173 specialistams apimtis: viso 8 akademin\u0117s valandos mokym\u0173 su 2 kavos pertrauk\u0117l\u0117mis ir pietumis. Mokymai dalyviams buvo nemokami. Dalyviams i\u0161duoti pa\u017eym\u0117jimai. Mokymai KAUNO RAJ. SAVIVALDYB\u0116JE (20 dalyvi\u0173)Data: [&hellip;]\" \/>\n<meta property=\"og:url\" content=\"https:\/\/vaikasinternete.lt\/?page_id=2299\" \/>\n<meta property=\"og:site_name\" content=\"Vaikas internete\" \/>\n<meta property=\"article:modified_time\" content=\"2024-12-19T18:25:32+00:00\" \/>\n<meta property=\"og:image\" content=\"https:\/\/vaikasinternete.lt\/wp-content\/uploads\/2024\/11\/IMG_20241128_103712-300x225.jpg\" \/>\n<meta name=\"twitter:card\" content=\"summary_large_image\" \/>\n<meta name=\"twitter:label1\" content=\"Est. reading time\" \/>\n\t<meta name=\"twitter:data1\" content=\"2 minut\u0117s\" \/>\n<script type=\"application\/ld+json\" class=\"yoast-schema-graph\">{\"@context\":\"https:\/\/schema.org\",\"@graph\":[{\"@type\":\"WebPage\",\"@id\":\"https:\/\/vaikasinternete.lt\/?page_id=2299\",\"url\":\"https:\/\/vaikasinternete.lt\/?page_id=2299\",\"name\":\"Mokymai specialistams - Vaikas internete\",\"isPartOf\":{\"@id\":\"https:\/\/vaikasinternete.lt\/#website\"},\"primaryImageOfPage\":{\"@id\":\"https:\/\/vaikasinternete.lt\/?page_id=2299#primaryimage\"},\"image\":{\"@id\":\"https:\/\/vaikasinternete.lt\/?page_id=2299#primaryimage\"},\"thumbnailUrl\":\"https:\/\/vaikasinternete.lt\/wp-content\/uploads\/2024\/11\/IMG_20241128_103712-300x225.jpg\",\"datePublished\":\"2024-09-26T17:59:46+00:00\",\"dateModified\":\"2024-12-19T18:25:32+00:00\",\"breadcrumb\":{\"@id\":\"https:\/\/vaikasinternete.lt\/?page_id=2299#breadcrumb\"},\"inLanguage\":\"lt-LT\",\"potentialAction\":[{\"@type\":\"ReadAction\",\"target\":[\"https:\/\/vaikasinternete.lt\/?page_id=2299\"]}]},{\"@type\":\"ImageObject\",\"inLanguage\":\"lt-LT\",\"@id\":\"https:\/\/vaikasinternete.lt\/?page_id=2299#primaryimage\",\"url\":\"https:\/\/vaikasinternete.lt\/wp-content\/uploads\/2024\/11\/IMG_20241128_103712-scaled.jpg\",\"contentUrl\":\"https:\/\/vaikasinternete.lt\/wp-content\/uploads\/2024\/11\/IMG_20241128_103712-scaled.jpg\",\"width\":2560,\"height\":1920},{\"@type\":\"BreadcrumbList\",\"@id\":\"https:\/\/vaikasinternete.lt\/?page_id=2299#breadcrumb\",\"itemListElement\":[{\"@type\":\"ListItem\",\"position\":1,\"name\":\"Home\",\"item\":\"https:\/\/vaikasinternete.lt\/\"},{\"@type\":\"ListItem\",\"position\":2,\"name\":\"Mokymai specialistams\"}]},{\"@type\":\"WebSite\",\"@id\":\"https:\/\/vaikasinternete.lt\/#website\",\"url\":\"https:\/\/vaikasinternete.lt\/\",\"name\":\"Vaikas internete\",\"description\":\"Saugesniam rytojui\",\"potentialAction\":[{\"@type\":\"SearchAction\",\"target\":{\"@type\":\"EntryPoint\",\"urlTemplate\":\"https:\/\/vaikasinternete.lt\/?s={search_term_string}\"},\"query-input\":{\"@type\":\"PropertyValueSpecification\",\"valueRequired\":true,\"valueName\":\"search_term_string\"}}],\"inLanguage\":\"lt-LT\"}]}<\/script>\n<!-- \/ Yoast SEO Premium plugin. -->","yoast_head_json":{"title":"Mokymai specialistams - Vaikas internete","robots":{"index":"index","follow":"follow","max-snippet":"max-snippet:-1","max-image-preview":"max-image-preview:large","max-video-preview":"max-video-preview:-1"},"canonical":"https:\/\/vaikasinternete.lt\/?page_id=2299","og_locale":"lt_LT","og_type":"article","og_title":"Mokymai specialistams","og_description":"[vc_row][vc_column][vc_column_text] 2024 m. spalio &#8211; lapkri\u010dio m\u0117n. buvo suorganizuoti 6 mokymai visuomen\u0117s sveikatos specialistams. Viso dalyvavo 208 dalyviai.\u00a0Mokym\u0173 tema: &#8222;Probleminio medij\u0173 naudojimo \u012fveika ikimokyklinio ir prie\u0161mokyklinio ugdymo \u012fstaigose&#8221;. Mokym\u0173 specialistams apimtis: viso 8 akademin\u0117s valandos mokym\u0173 su 2 kavos pertrauk\u0117l\u0117mis ir pietumis. Mokymai dalyviams buvo nemokami. Dalyviams i\u0161duoti pa\u017eym\u0117jimai. Mokymai KAUNO RAJ. SAVIVALDYB\u0116JE (20 dalyvi\u0173)Data: [&hellip;]","og_url":"https:\/\/vaikasinternete.lt\/?page_id=2299","og_site_name":"Vaikas internete","article_modified_time":"2024-12-19T18:25:32+00:00","og_image":[{"url":"https:\/\/vaikasinternete.lt\/wp-content\/uploads\/2024\/11\/IMG_20241128_103712-300x225.jpg"}],"twitter_card":"summary_large_image","twitter_misc":{"Est. reading time":"2 minut\u0117s"},"schema":{"@context":"https:\/\/schema.org","@graph":[{"@type":"WebPage","@id":"https:\/\/vaikasinternete.lt\/?page_id=2299","url":"https:\/\/vaikasinternete.lt\/?page_id=2299","name":"Mokymai specialistams - Vaikas internete","isPartOf":{"@id":"https:\/\/vaikasinternete.lt\/#website"},"primaryImageOfPage":{"@id":"https:\/\/vaikasinternete.lt\/?page_id=2299#primaryimage"},"image":{"@id":"https:\/\/vaikasinternete.lt\/?page_id=2299#primaryimage"},"thumbnailUrl":"https:\/\/vaikasinternete.lt\/wp-content\/uploads\/2024\/11\/IMG_20241128_103712-300x225.jpg","datePublished":"2024-09-26T17:59:46+00:00","dateModified":"2024-12-19T18:25:32+00:00","breadcrumb":{"@id":"https:\/\/vaikasinternete.lt\/?page_id=2299#breadcrumb"},"inLanguage":"lt-LT","potentialAction":[{"@type":"ReadAction","target":["https:\/\/vaikasinternete.lt\/?page_id=2299"]}]},{"@type":"ImageObject","inLanguage":"lt-LT","@id":"https:\/\/vaikasinternete.lt\/?page_id=2299#primaryimage","url":"https:\/\/vaikasinternete.lt\/wp-content\/uploads\/2024\/11\/IMG_20241128_103712-scaled.jpg","contentUrl":"https:\/\/vaikasinternete.lt\/wp-content\/uploads\/2024\/11\/IMG_20241128_103712-scaled.jpg","width":2560,"height":1920},{"@type":"BreadcrumbList","@id":"https:\/\/vaikasinternete.lt\/?page_id=2299#breadcrumb","itemListElement":[{"@type":"ListItem","position":1,"name":"Home","item":"https:\/\/vaikasinternete.lt\/"},{"@type":"ListItem","position":2,"name":"Mokymai specialistams"}]},{"@type":"WebSite","@id":"https:\/\/vaikasinternete.lt\/#website","url":"https:\/\/vaikasinternete.lt\/","name":"Vaikas internete","description":"Saugesniam rytojui","potentialAction":[{"@type":"SearchAction","target":{"@type":"EntryPoint","urlTemplate":"https:\/\/vaikasinternete.lt\/?s={search_term_string}"},"query-input":{"@type":"PropertyValueSpecification","valueRequired":true,"valueName":"search_term_string"}}],"inLanguage":"lt-LT"}]}},"_links":{"self":[{"href":"https:\/\/vaikasinternete.lt\/index.php?rest_route=\/wp\/v2\/pages\/2299"}],"collection":[{"href":"https:\/\/vaikasinternete.lt\/index.php?rest_route=\/wp\/v2\/pages"}],"about":[{"href":"https:\/\/vaikasinternete.lt\/index.php?rest_route=\/wp\/v2\/types\/page"}],"author":[{"embeddable":true,"href":"https:\/\/vaikasinternete.lt\/index.php?rest_route=\/wp\/v2\/users\/1"}],"replies":[{"embeddable":true,"href":"https:\/\/vaikasinternete.lt\/index.php?rest_route=%2Fwp%2Fv2%2Fcomments&post=2299"}],"version-history":[{"count":42,"href":"https:\/\/vaikasinternete.lt\/index.php?rest_route=\/wp\/v2\/pages\/2299\/revisions"}],"predecessor-version":[{"id":2541,"href":"https:\/\/vaikasinternete.lt\/index.php?rest_route=\/wp\/v2\/pages\/2299\/revisions\/2541"}],"wp:attachment":[{"href":"https:\/\/vaikasinternete.lt\/index.php?rest_route=%2Fwp%2Fv2%2Fmedia&parent=2299"}],"curies":[{"name":"wp","href":"https:\/\/api.w.org\/{rel}","templated":true}]}}