{"id":2297,"date":"2024-09-26T17:58:24","date_gmt":"2024-09-26T17:58:24","guid":{"rendered":"https:\/\/vaikasinternete.lt\/?page_id=2297"},"modified":"2024-12-19T18:27:39","modified_gmt":"2024-12-19T18:27:39","slug":"mokymai-tevams","status":"publish","type":"page","link":"https:\/\/vaikasinternete.lt\/?page_id=2297","title":{"rendered":"Mokymai t\u0117vams"},"content":{"rendered":"<p>D\u017eiaugiam\u0117s, kad m\u016bs\u0173 profesionali komanda tur\u0117jo galimyb\u0119 dirbti su t\u0117vais ir perteikti jiems pa\u010dias naujausias mokslines \u017einias apie perteklinio medij\u0173 naudojimo problemos sprendim\u0105. Esame d\u0117kingi projekto partneriams Kai\u0161iadori\u0173 Socialini\u0173 paslaug\u0173 centrui ir Pal. J.Matulai\u010dio \u0160eimos pagalbos centrui, kad jie pad\u0117jo pasiekti t\u0117vus, kuriems galime b\u016bti naudingi. I\u0161 viso mokymuose dalyvaus 50 t\u0117v\u0173, kurie augina vaikus iki 7 met\u0173 am\u017eiaus.<\/p>\n<p>Mokymai vyko \u012fgyvendinant \u0161iuos \u017eingsnius:<\/p>\n<p><strong>1 MOKYM\u0172 \u017dINGSNIS<\/strong> &#8211; <span style=\"text-decoration: underline;\"><strong>Susipa\u017einimas<\/strong><\/span> (mokym\u0173 lektorius susisiek\u0117 su kiekvienu t\u0117vu ir trumpai aptar\u0117 jo \u0161eimos situacij\u0105)<\/p>\n<p><strong>2 MOKYM\u0172 \u017dINGSNIS<\/strong> &#8211; <span style=\"text-decoration: underline;\"><strong>\u012evertinimo anketos pildymas<\/strong><\/span> (priklausomai nuo turim\u0173 vaik\u0173 am\u017eiaus t\u0117vai u\u017epild\u0117 vien\u0105 i\u0161 \u012fvertinimo anket\u0173. Tai lektoriui pad\u0117jo ai\u0161kiai identifikuoti problemos m\u0105st\u0105 ir pasi\u016blyti galimus sprendimus).<\/p>\n<p><strong>3 MOKYM\u0172 \u017dINGSNIS<\/strong> &#8211; <span style=\"text-decoration: underline;\"><strong>Rekomendacij\u0173 \u0161eimai rengimas<\/strong><\/span> (remiantis gauta informacija lektorius pareng\u0117 detalias rekomendacijas, kaip t\u0117vai tur\u0117t\u0173 spr\u0119sti probleminio medij\u0173 naudojimo problem\u0105 savo \u0161eimoje, buvo galimyb\u0117 rekomendacijas aptarti).<\/p>\n<p><strong>4 MOKYM\u0172 \u017dINGSNIS<\/strong> &#8211; <span style=\"text-decoration: underline;\"><strong>T\u0117v\u0173 gr\u012f\u017etamasis ry\u0161ys<\/strong><\/span> (t\u0117vai buvo papra\u0161yti \u012fvertinti mokym\u0173 proces\u0105 u\u017epildant gr\u012f\u017etamojo ry\u0161io anket\u0105).<\/p>\n<p style=\"text-align: center;\"><span style=\"color: #ff0000;\"><a style=\"color: #ff0000;\" href=\"https:\/\/vaikasinternete.lt\/wp-content\/uploads\/2024\/12\/Tevu-griztamojo-rysio-apklausos-ATASKAITA.pdf\" target=\"_blank\" rel=\"noopener\"><strong>GR\u012e\u017dTAMOJO RY\u0160IO APKLAUSOS ATASKAITA<\/strong><\/a><\/span><\/p>\n<p><strong>5 MOKYM\u0172 \u017dINGSNIS<\/strong> &#8211; <strong><span style=\"text-decoration: underline;\">Rekomendacij\u0173 partneriams rengimas<\/span><\/strong> (remiantis visa sukaupta informacija lektoriai pareng\u0117 rekomendacijas partneriams, kaip jie tur\u0117t\u0173 toliau pad\u0117ti savo klientams spr\u0119sti probleminio medij\u0173 naudojimo problem\u0105).<\/p>\n<p style=\"text-align: center;\"><span style=\"color: #0000ff;\"><strong><a style=\"color: #0000ff;\" href=\"https:\/\/vaikasinternete.lt\/wp-content\/uploads\/2024\/12\/REKOMENDACIJOS_Matulaitis.pdf\" target=\"_blank\" rel=\"noopener\">Rekomendacijos Pal.J.Matulai\u010dio \u0160eimos pagalbos centrui<\/a><\/strong><\/span><\/p>\n<p style=\"text-align: center;\"><span style=\"color: #0000ff;\"><strong><a style=\"color: #0000ff;\" href=\"https:\/\/vaikasinternete.lt\/wp-content\/uploads\/2024\/12\/REKOMENDACIJOS_Kaisiadorys.pdf\" target=\"_blank\" rel=\"noopener\">Rekomendacijos Kai\u0161iadori\u0173 Socialini\u0173 paslaug\u0173 centrui<\/a><\/strong><\/span><\/p>\n<p style=\"text-align: center;\"><strong>Mokymai puikiai pavyko! D\u0117kojame partneriams, dalyviams, lektoriams!<\/strong><\/p>\n","protected":false},"excerpt":{"rendered":"<p>D\u017eiaugiam\u0117s, kad m\u016bs\u0173 profesionali komanda tur\u0117jo galimyb\u0119 dirbti su t\u0117vais ir perteikti jiems pa\u010dias naujausias mokslines \u017einias apie perteklinio medij\u0173 naudojimo problemos sprendim\u0105. Esame d\u0117kingi projekto partneriams Kai\u0161iadori\u0173 Socialini\u0173 paslaug\u0173 centrui ir Pal. J.Matulai\u010dio \u0160eimos pagalbos centrui, kad jie pad\u0117jo pasiekti t\u0117vus, kuriems galime b\u016bti naudingi. I\u0161 viso mokymuose dalyvaus 50 t\u0117v\u0173, kurie augina vaikus [&hellip;]<\/p>\n","protected":false},"author":1,"featured_media":0,"parent":0,"menu_order":0,"comment_status":"closed","ping_status":"closed","template":"page-templates\/template-2024.php","meta":{"_editorskit_title_hidden":false,"_editorskit_reading_time":0,"_editorskit_is_block_options_detached":false,"_editorskit_block_options_position":"{}","footnotes":""},"class_list":["post-2297","page","type-page","status-publish","hentry"],"yoast_head":"<!-- This site is optimized with the Yoast SEO Premium plugin v19.5 (Yoast SEO v23.4) - https:\/\/yoast.com\/wordpress\/plugins\/seo\/ -->\n<title>Mokymai t\u0117vams - Vaikas internete<\/title>\n<meta name=\"robots\" content=\"index, follow, max-snippet:-1, max-image-preview:large, max-video-preview:-1\" \/>\n<link rel=\"canonical\" href=\"https:\/\/vaikasinternete.lt\/?page_id=2297\" \/>\n<meta property=\"og:locale\" content=\"lt_LT\" \/>\n<meta property=\"og:type\" content=\"article\" \/>\n<meta property=\"og:title\" content=\"Mokymai t\u0117vams\" \/>\n<meta property=\"og:description\" content=\"D\u017eiaugiam\u0117s, kad m\u016bs\u0173 profesionali komanda tur\u0117jo galimyb\u0119 dirbti su t\u0117vais ir perteikti jiems pa\u010dias naujausias mokslines \u017einias apie perteklinio medij\u0173 naudojimo problemos sprendim\u0105. Esame d\u0117kingi projekto partneriams Kai\u0161iadori\u0173 Socialini\u0173 paslaug\u0173 centrui ir Pal. J.Matulai\u010dio \u0160eimos pagalbos centrui, kad jie pad\u0117jo pasiekti t\u0117vus, kuriems galime b\u016bti naudingi. I\u0161 viso mokymuose dalyvaus 50 t\u0117v\u0173, kurie augina vaikus [&hellip;]\" \/>\n<meta property=\"og:url\" content=\"https:\/\/vaikasinternete.lt\/?page_id=2297\" \/>\n<meta property=\"og:site_name\" content=\"Vaikas internete\" \/>\n<meta property=\"article:modified_time\" content=\"2024-12-19T18:27:39+00:00\" \/>\n<meta name=\"twitter:card\" content=\"summary_large_image\" \/>\n<meta name=\"twitter:label1\" content=\"Est. reading time\" \/>\n\t<meta name=\"twitter:data1\" content=\"2 minut\u0117s\" \/>\n<script type=\"application\/ld+json\" class=\"yoast-schema-graph\">{\"@context\":\"https:\/\/schema.org\",\"@graph\":[{\"@type\":\"WebPage\",\"@id\":\"https:\/\/vaikasinternete.lt\/?page_id=2297\",\"url\":\"https:\/\/vaikasinternete.lt\/?page_id=2297\",\"name\":\"Mokymai t\u0117vams - Vaikas internete\",\"isPartOf\":{\"@id\":\"https:\/\/vaikasinternete.lt\/#website\"},\"datePublished\":\"2024-09-26T17:58:24+00:00\",\"dateModified\":\"2024-12-19T18:27:39+00:00\",\"breadcrumb\":{\"@id\":\"https:\/\/vaikasinternete.lt\/?page_id=2297#breadcrumb\"},\"inLanguage\":\"lt-LT\",\"potentialAction\":[{\"@type\":\"ReadAction\",\"target\":[\"https:\/\/vaikasinternete.lt\/?page_id=2297\"]}]},{\"@type\":\"BreadcrumbList\",\"@id\":\"https:\/\/vaikasinternete.lt\/?page_id=2297#breadcrumb\",\"itemListElement\":[{\"@type\":\"ListItem\",\"position\":1,\"name\":\"Home\",\"item\":\"https:\/\/vaikasinternete.lt\/\"},{\"@type\":\"ListItem\",\"position\":2,\"name\":\"Mokymai t\u0117vams\"}]},{\"@type\":\"WebSite\",\"@id\":\"https:\/\/vaikasinternete.lt\/#website\",\"url\":\"https:\/\/vaikasinternete.lt\/\",\"name\":\"Vaikas internete\",\"description\":\"Saugesniam rytojui\",\"potentialAction\":[{\"@type\":\"SearchAction\",\"target\":{\"@type\":\"EntryPoint\",\"urlTemplate\":\"https:\/\/vaikasinternete.lt\/?s={search_term_string}\"},\"query-input\":{\"@type\":\"PropertyValueSpecification\",\"valueRequired\":true,\"valueName\":\"search_term_string\"}}],\"inLanguage\":\"lt-LT\"}]}<\/script>\n<!-- \/ Yoast SEO Premium plugin. -->","yoast_head_json":{"title":"Mokymai t\u0117vams - Vaikas internete","robots":{"index":"index","follow":"follow","max-snippet":"max-snippet:-1","max-image-preview":"max-image-preview:large","max-video-preview":"max-video-preview:-1"},"canonical":"https:\/\/vaikasinternete.lt\/?page_id=2297","og_locale":"lt_LT","og_type":"article","og_title":"Mokymai t\u0117vams","og_description":"D\u017eiaugiam\u0117s, kad m\u016bs\u0173 profesionali komanda tur\u0117jo galimyb\u0119 dirbti su t\u0117vais ir perteikti jiems pa\u010dias naujausias mokslines \u017einias apie perteklinio medij\u0173 naudojimo problemos sprendim\u0105. Esame d\u0117kingi projekto partneriams Kai\u0161iadori\u0173 Socialini\u0173 paslaug\u0173 centrui ir Pal. J.Matulai\u010dio \u0160eimos pagalbos centrui, kad jie pad\u0117jo pasiekti t\u0117vus, kuriems galime b\u016bti naudingi. I\u0161 viso mokymuose dalyvaus 50 t\u0117v\u0173, kurie augina vaikus [&hellip;]","og_url":"https:\/\/vaikasinternete.lt\/?page_id=2297","og_site_name":"Vaikas internete","article_modified_time":"2024-12-19T18:27:39+00:00","twitter_card":"summary_large_image","twitter_misc":{"Est. reading time":"2 minut\u0117s"},"schema":{"@context":"https:\/\/schema.org","@graph":[{"@type":"WebPage","@id":"https:\/\/vaikasinternete.lt\/?page_id=2297","url":"https:\/\/vaikasinternete.lt\/?page_id=2297","name":"Mokymai t\u0117vams - Vaikas internete","isPartOf":{"@id":"https:\/\/vaikasinternete.lt\/#website"},"datePublished":"2024-09-26T17:58:24+00:00","dateModified":"2024-12-19T18:27:39+00:00","breadcrumb":{"@id":"https:\/\/vaikasinternete.lt\/?page_id=2297#breadcrumb"},"inLanguage":"lt-LT","potentialAction":[{"@type":"ReadAction","target":["https:\/\/vaikasinternete.lt\/?page_id=2297"]}]},{"@type":"BreadcrumbList","@id":"https:\/\/vaikasinternete.lt\/?page_id=2297#breadcrumb","itemListElement":[{"@type":"ListItem","position":1,"name":"Home","item":"https:\/\/vaikasinternete.lt\/"},{"@type":"ListItem","position":2,"name":"Mokymai t\u0117vams"}]},{"@type":"WebSite","@id":"https:\/\/vaikasinternete.lt\/#website","url":"https:\/\/vaikasinternete.lt\/","name":"Vaikas internete","description":"Saugesniam rytojui","potentialAction":[{"@type":"SearchAction","target":{"@type":"EntryPoint","urlTemplate":"https:\/\/vaikasinternete.lt\/?s={search_term_string}"},"query-input":{"@type":"PropertyValueSpecification","valueRequired":true,"valueName":"search_term_string"}}],"inLanguage":"lt-LT"}]}},"_links":{"self":[{"href":"https:\/\/vaikasinternete.lt\/index.php?rest_route=\/wp\/v2\/pages\/2297"}],"collection":[{"href":"https:\/\/vaikasinternete.lt\/index.php?rest_route=\/wp\/v2\/pages"}],"about":[{"href":"https:\/\/vaikasinternete.lt\/index.php?rest_route=\/wp\/v2\/types\/page"}],"author":[{"embeddable":true,"href":"https:\/\/vaikasinternete.lt\/index.php?rest_route=\/wp\/v2\/users\/1"}],"replies":[{"embeddable":true,"href":"https:\/\/vaikasinternete.lt\/index.php?rest_route=%2Fwp%2Fv2%2Fcomments&post=2297"}],"version-history":[{"count":9,"href":"https:\/\/vaikasinternete.lt\/index.php?rest_route=\/wp\/v2\/pages\/2297\/revisions"}],"predecessor-version":[{"id":2547,"href":"https:\/\/vaikasinternete.lt\/index.php?rest_route=\/wp\/v2\/pages\/2297\/revisions\/2547"}],"wp:attachment":[{"href":"https:\/\/vaikasinternete.lt\/index.php?rest_route=%2Fwp%2Fv2%2Fmedia&parent=2297"}],"curies":[{"name":"wp","href":"https:\/\/api.w.org\/{rel}","templated":true}]}}