{"id":2265,"date":"2024-09-26T12:48:01","date_gmt":"2024-09-26T12:48:01","guid":{"rendered":"https:\/\/vaikasinternete.lt\/?page_id=2265"},"modified":"2024-10-30T20:19:41","modified_gmt":"2024-10-30T20:19:41","slug":"metodinis-vadovas-tevams","status":"publish","type":"page","link":"https:\/\/vaikasinternete.lt\/?page_id=2265","title":{"rendered":"Metodinis vadovas t\u0117vams"},"content":{"rendered":"<section class=\"wpb-content-wrapper\"><p>[vc_row][vc_column][vc_column_text]<\/p>\r\n\r\n<p>&nbsp;<\/p>\r\n<p style=\"text-align: justify;\"><img decoding=\"async\" class=\"size-medium wp-image-2326 aligncenter\" src=\"https:\/\/vaikasinternete.lt\/wp-content\/uploads\/2024\/10\/Virselis-tevu-metodinio-vadovo-210x300.jpg\" alt=\"\" width=\"210\" height=\"300\" srcset=\"https:\/\/vaikasinternete.lt\/wp-content\/uploads\/2024\/10\/Virselis-tevu-metodinio-vadovo-210x300.jpg 210w, https:\/\/vaikasinternete.lt\/wp-content\/uploads\/2024\/10\/Virselis-tevu-metodinio-vadovo.jpg 483w\" sizes=\"(max-width: 210px) 100vw, 210px\" \/><\/p>\r\n<p style=\"text-align: center;\"><a href=\"https:\/\/vaikasinternete.lt\/wp-content\/uploads\/2024\/10\/Metodinis-vadovas-tevams_galutinis.pdf\" target=\"_blank\" rel=\"noopener\">METODINIS VADOVAS T\u0116VAMS.pdf<\/a><\/p>\r\n<p style=\"text-align: center;\"><a href=\"https:\/\/vaikasinternete.lt\/wp-content\/uploads\/2024\/10\/MV-Tevams-Priedas-A.pdf\" target=\"_blank\" rel=\"noopener\">Priedas A &#8222;Dienotvark\u0117&#8221;<\/a><\/p>\r\n<p style=\"text-align: center;\"><a href=\"https:\/\/vaikasinternete.lt\/wp-content\/uploads\/2024\/10\/MV-Tevams-Priedas-B.pdf\" target=\"_blank\" rel=\"noopener\">Priedas B &#8222;\u0160eimos planuoklis&#8221;<\/a><\/p>\r\n<p>&nbsp;<\/p>\r\n\r\n\r\n\r\n<p>[\/vc_column_text][\/vc_column][\/vc_row]<\/p>\r\n<\/section>","protected":false},"excerpt":{"rendered":"<p>[vc_row][vc_column][vc_column_text] &nbsp; METODINIS VADOVAS T\u0116VAMS.pdf Priedas A &#8222;Dienotvark\u0117&#8221; Priedas B &#8222;\u0160eimos planuoklis&#8221; &nbsp; [\/vc_column_text][\/vc_column][\/vc_row]<\/p>\n","protected":false},"author":1,"featured_media":0,"parent":0,"menu_order":0,"comment_status":"closed","ping_status":"closed","template":"page-templates\/template-2024.php","meta":{"_editorskit_title_hidden":false,"_editorskit_reading_time":0,"_editorskit_is_block_options_detached":false,"_editorskit_block_options_position":"{}","footnotes":""},"class_list":["post-2265","page","type-page","status-publish","hentry"],"yoast_head":"<!-- This site is optimized with the Yoast SEO Premium plugin v19.5 (Yoast SEO v23.4) - https:\/\/yoast.com\/wordpress\/plugins\/seo\/ -->\n<title>Metodinis vadovas t\u0117vams - Vaikas internete<\/title>\n<meta name=\"robots\" content=\"index, follow, max-snippet:-1, max-image-preview:large, max-video-preview:-1\" \/>\n<link rel=\"canonical\" href=\"https:\/\/vaikasinternete.lt\/?page_id=2265\" \/>\n<meta property=\"og:locale\" content=\"lt_LT\" \/>\n<meta property=\"og:type\" content=\"article\" \/>\n<meta property=\"og:title\" content=\"Metodinis vadovas t\u0117vams\" \/>\n<meta property=\"og:description\" content=\"[vc_row][vc_column][vc_column_text] &nbsp; METODINIS VADOVAS T\u0116VAMS.pdf Priedas A &#8222;Dienotvark\u0117&#8221; Priedas B &#8222;\u0160eimos planuoklis&#8221; &nbsp; [\/vc_column_text][\/vc_column][\/vc_row]\" \/>\n<meta property=\"og:url\" content=\"https:\/\/vaikasinternete.lt\/?page_id=2265\" \/>\n<meta property=\"og:site_name\" content=\"Vaikas internete\" \/>\n<meta property=\"article:modified_time\" content=\"2024-10-30T20:19:41+00:00\" \/>\n<meta property=\"og:image\" content=\"https:\/\/vaikasinternete.lt\/wp-content\/uploads\/2024\/10\/Virselis-tevu-metodinio-vadovo-210x300.jpg\" \/>\n<meta name=\"twitter:card\" content=\"summary_large_image\" \/>\n<meta name=\"twitter:label1\" content=\"Est. reading time\" \/>\n\t<meta name=\"twitter:data1\" content=\"1 minut\u0117\" \/>\n<script type=\"application\/ld+json\" class=\"yoast-schema-graph\">{\"@context\":\"https:\/\/schema.org\",\"@graph\":[{\"@type\":\"WebPage\",\"@id\":\"https:\/\/vaikasinternete.lt\/?page_id=2265\",\"url\":\"https:\/\/vaikasinternete.lt\/?page_id=2265\",\"name\":\"Metodinis vadovas t\u0117vams - Vaikas internete\",\"isPartOf\":{\"@id\":\"https:\/\/vaikasinternete.lt\/#website\"},\"primaryImageOfPage\":{\"@id\":\"https:\/\/vaikasinternete.lt\/?page_id=2265#primaryimage\"},\"image\":{\"@id\":\"https:\/\/vaikasinternete.lt\/?page_id=2265#primaryimage\"},\"thumbnailUrl\":\"https:\/\/vaikasinternete.lt\/wp-content\/uploads\/2024\/10\/Virselis-tevu-metodinio-vadovo-210x300.jpg\",\"datePublished\":\"2024-09-26T12:48:01+00:00\",\"dateModified\":\"2024-10-30T20:19:41+00:00\",\"breadcrumb\":{\"@id\":\"https:\/\/vaikasinternete.lt\/?page_id=2265#breadcrumb\"},\"inLanguage\":\"lt-LT\",\"potentialAction\":[{\"@type\":\"ReadAction\",\"target\":[\"https:\/\/vaikasinternete.lt\/?page_id=2265\"]}]},{\"@type\":\"ImageObject\",\"inLanguage\":\"lt-LT\",\"@id\":\"https:\/\/vaikasinternete.lt\/?page_id=2265#primaryimage\",\"url\":\"https:\/\/vaikasinternete.lt\/wp-content\/uploads\/2024\/10\/Virselis-tevu-metodinio-vadovo.jpg\",\"contentUrl\":\"https:\/\/vaikasinternete.lt\/wp-content\/uploads\/2024\/10\/Virselis-tevu-metodinio-vadovo.jpg\",\"width\":483,\"height\":690},{\"@type\":\"BreadcrumbList\",\"@id\":\"https:\/\/vaikasinternete.lt\/?page_id=2265#breadcrumb\",\"itemListElement\":[{\"@type\":\"ListItem\",\"position\":1,\"name\":\"Home\",\"item\":\"https:\/\/vaikasinternete.lt\/\"},{\"@type\":\"ListItem\",\"position\":2,\"name\":\"Metodinis vadovas t\u0117vams\"}]},{\"@type\":\"WebSite\",\"@id\":\"https:\/\/vaikasinternete.lt\/#website\",\"url\":\"https:\/\/vaikasinternete.lt\/\",\"name\":\"Vaikas internete\",\"description\":\"Saugesniam rytojui\",\"potentialAction\":[{\"@type\":\"SearchAction\",\"target\":{\"@type\":\"EntryPoint\",\"urlTemplate\":\"https:\/\/vaikasinternete.lt\/?s={search_term_string}\"},\"query-input\":{\"@type\":\"PropertyValueSpecification\",\"valueRequired\":true,\"valueName\":\"search_term_string\"}}],\"inLanguage\":\"lt-LT\"}]}<\/script>\n<!-- \/ Yoast SEO Premium plugin. -->","yoast_head_json":{"title":"Metodinis vadovas t\u0117vams - Vaikas internete","robots":{"index":"index","follow":"follow","max-snippet":"max-snippet:-1","max-image-preview":"max-image-preview:large","max-video-preview":"max-video-preview:-1"},"canonical":"https:\/\/vaikasinternete.lt\/?page_id=2265","og_locale":"lt_LT","og_type":"article","og_title":"Metodinis vadovas t\u0117vams","og_description":"[vc_row][vc_column][vc_column_text] &nbsp; METODINIS VADOVAS T\u0116VAMS.pdf Priedas A &#8222;Dienotvark\u0117&#8221; Priedas B &#8222;\u0160eimos planuoklis&#8221; &nbsp; [\/vc_column_text][\/vc_column][\/vc_row]","og_url":"https:\/\/vaikasinternete.lt\/?page_id=2265","og_site_name":"Vaikas internete","article_modified_time":"2024-10-30T20:19:41+00:00","og_image":[{"url":"https:\/\/vaikasinternete.lt\/wp-content\/uploads\/2024\/10\/Virselis-tevu-metodinio-vadovo-210x300.jpg"}],"twitter_card":"summary_large_image","twitter_misc":{"Est. reading time":"1 minut\u0117"},"schema":{"@context":"https:\/\/schema.org","@graph":[{"@type":"WebPage","@id":"https:\/\/vaikasinternete.lt\/?page_id=2265","url":"https:\/\/vaikasinternete.lt\/?page_id=2265","name":"Metodinis vadovas t\u0117vams - Vaikas internete","isPartOf":{"@id":"https:\/\/vaikasinternete.lt\/#website"},"primaryImageOfPage":{"@id":"https:\/\/vaikasinternete.lt\/?page_id=2265#primaryimage"},"image":{"@id":"https:\/\/vaikasinternete.lt\/?page_id=2265#primaryimage"},"thumbnailUrl":"https:\/\/vaikasinternete.lt\/wp-content\/uploads\/2024\/10\/Virselis-tevu-metodinio-vadovo-210x300.jpg","datePublished":"2024-09-26T12:48:01+00:00","dateModified":"2024-10-30T20:19:41+00:00","breadcrumb":{"@id":"https:\/\/vaikasinternete.lt\/?page_id=2265#breadcrumb"},"inLanguage":"lt-LT","potentialAction":[{"@type":"ReadAction","target":["https:\/\/vaikasinternete.lt\/?page_id=2265"]}]},{"@type":"ImageObject","inLanguage":"lt-LT","@id":"https:\/\/vaikasinternete.lt\/?page_id=2265#primaryimage","url":"https:\/\/vaikasinternete.lt\/wp-content\/uploads\/2024\/10\/Virselis-tevu-metodinio-vadovo.jpg","contentUrl":"https:\/\/vaikasinternete.lt\/wp-content\/uploads\/2024\/10\/Virselis-tevu-metodinio-vadovo.jpg","width":483,"height":690},{"@type":"BreadcrumbList","@id":"https:\/\/vaikasinternete.lt\/?page_id=2265#breadcrumb","itemListElement":[{"@type":"ListItem","position":1,"name":"Home","item":"https:\/\/vaikasinternete.lt\/"},{"@type":"ListItem","position":2,"name":"Metodinis vadovas t\u0117vams"}]},{"@type":"WebSite","@id":"https:\/\/vaikasinternete.lt\/#website","url":"https:\/\/vaikasinternete.lt\/","name":"Vaikas internete","description":"Saugesniam rytojui","potentialAction":[{"@type":"SearchAction","target":{"@type":"EntryPoint","urlTemplate":"https:\/\/vaikasinternete.lt\/?s={search_term_string}"},"query-input":{"@type":"PropertyValueSpecification","valueRequired":true,"valueName":"search_term_string"}}],"inLanguage":"lt-LT"}]}},"_links":{"self":[{"href":"https:\/\/vaikasinternete.lt\/index.php?rest_route=\/wp\/v2\/pages\/2265"}],"collection":[{"href":"https:\/\/vaikasinternete.lt\/index.php?rest_route=\/wp\/v2\/pages"}],"about":[{"href":"https:\/\/vaikasinternete.lt\/index.php?rest_route=\/wp\/v2\/types\/page"}],"author":[{"embeddable":true,"href":"https:\/\/vaikasinternete.lt\/index.php?rest_route=\/wp\/v2\/users\/1"}],"replies":[{"embeddable":true,"href":"https:\/\/vaikasinternete.lt\/index.php?rest_route=%2Fwp%2Fv2%2Fcomments&post=2265"}],"version-history":[{"count":14,"href":"https:\/\/vaikasinternete.lt\/index.php?rest_route=\/wp\/v2\/pages\/2265\/revisions"}],"predecessor-version":[{"id":2495,"href":"https:\/\/vaikasinternete.lt\/index.php?rest_route=\/wp\/v2\/pages\/2265\/revisions\/2495"}],"wp:attachment":[{"href":"https:\/\/vaikasinternete.lt\/index.php?rest_route=%2Fwp%2Fv2%2Fmedia&parent=2265"}],"curies":[{"name":"wp","href":"https:\/\/api.w.org\/{rel}","templated":true}]}}