{"id":2233,"date":"2024-09-21T17:09:41","date_gmt":"2024-09-21T17:09:41","guid":{"rendered":"https:\/\/vaikasinternete.lt\/?page_id=2233"},"modified":"2024-09-26T18:16:04","modified_gmt":"2024-09-26T18:16:04","slug":"mokymai","status":"publish","type":"page","link":"https:\/\/vaikasinternete.lt\/?page_id=2233","title":{"rendered":"Mokymai"},"content":{"rendered":"<section class=\"wpb-content-wrapper\"><p>[vc_row][vc_column][vc_column_text]<\/p>\n<p>&nbsp;<\/p>\n<p>Sukurt\u0173 metodini\u0173 vadov\u0173 pagrindu yra organizuojami mokymai t\u0117vams ir visuomen\u0117s sveikatos specialistams. Viso projekto metu \u012f mokymus t\u0117vams bus \u012ftraukta 50 t\u0117v\u0173, \u012f mokymus specialistams\u00a0 bus \u012ftraukta 200 visuomen\u0117s sveikatos specialist\u0173 i\u0161 visos Lietuvos.<\/p>\n<p><span style=\"text-decoration: underline;\">Kvie\u010diame susipa\u017einti su detalia mokym\u0173 informacija:<\/span><\/p>\n<ul>\n<li><a href=\"https:\/\/vaikasinternete.lt\/?page_id=2297\">MOKYMAI T\u0116VAMS<\/a><\/li>\n<li><a href=\"https:\/\/vaikasinternete.lt\/?page_id=2299\">MOKYMAI SPECIALISTAMS<\/a><\/li>\n<\/ul>\n<p>&nbsp;<\/p>\n<p>[\/vc_column_text][\/vc_column][\/vc_row]<\/p>\n<\/section>","protected":false},"excerpt":{"rendered":"<p>[vc_row][vc_column][vc_column_text] &nbsp; Sukurt\u0173 metodini\u0173 vadov\u0173 pagrindu yra organizuojami mokymai t\u0117vams ir visuomen\u0117s sveikatos specialistams. Viso projekto metu \u012f mokymus t\u0117vams bus \u012ftraukta 50 t\u0117v\u0173, \u012f mokymus specialistams\u00a0 bus \u012ftraukta 200 visuomen\u0117s sveikatos specialist\u0173 i\u0161 visos Lietuvos. Kvie\u010diame susipa\u017einti su detalia mokym\u0173 informacija: MOKYMAI T\u0116VAMS MOKYMAI SPECIALISTAMS &nbsp; [\/vc_column_text][\/vc_column][\/vc_row]<\/p>\n","protected":false},"author":1,"featured_media":0,"parent":0,"menu_order":0,"comment_status":"closed","ping_status":"closed","template":"page-templates\/template-2024.php","meta":{"_editorskit_title_hidden":false,"_editorskit_reading_time":0,"_editorskit_is_block_options_detached":false,"_editorskit_block_options_position":"{}","footnotes":""},"class_list":["post-2233","page","type-page","status-publish","hentry"],"yoast_head":"<!-- This site is optimized with the Yoast SEO Premium plugin v19.5 (Yoast SEO v23.4) - https:\/\/yoast.com\/wordpress\/plugins\/seo\/ -->\n<title>Mokymai - Vaikas internete<\/title>\n<meta name=\"robots\" content=\"index, follow, max-snippet:-1, max-image-preview:large, max-video-preview:-1\" \/>\n<link rel=\"canonical\" href=\"https:\/\/vaikasinternete.lt\/?page_id=2233\" \/>\n<meta property=\"og:locale\" content=\"lt_LT\" \/>\n<meta property=\"og:type\" content=\"article\" \/>\n<meta property=\"og:title\" content=\"Mokymai\" \/>\n<meta property=\"og:description\" content=\"[vc_row][vc_column][vc_column_text] &nbsp; Sukurt\u0173 metodini\u0173 vadov\u0173 pagrindu yra organizuojami mokymai t\u0117vams ir visuomen\u0117s sveikatos specialistams. Viso projekto metu \u012f mokymus t\u0117vams bus \u012ftraukta 50 t\u0117v\u0173, \u012f mokymus specialistams\u00a0 bus \u012ftraukta 200 visuomen\u0117s sveikatos specialist\u0173 i\u0161 visos Lietuvos. Kvie\u010diame susipa\u017einti su detalia mokym\u0173 informacija: MOKYMAI T\u0116VAMS MOKYMAI SPECIALISTAMS &nbsp; [\/vc_column_text][\/vc_column][\/vc_row]\" \/>\n<meta property=\"og:url\" content=\"https:\/\/vaikasinternete.lt\/?page_id=2233\" \/>\n<meta property=\"og:site_name\" content=\"Vaikas internete\" \/>\n<meta property=\"article:modified_time\" content=\"2024-09-26T18:16:04+00:00\" \/>\n<meta name=\"twitter:card\" content=\"summary_large_image\" \/>\n<meta name=\"twitter:label1\" content=\"Est. reading time\" \/>\n\t<meta name=\"twitter:data1\" content=\"1 minut\u0117\" \/>\n<script type=\"application\/ld+json\" class=\"yoast-schema-graph\">{\"@context\":\"https:\/\/schema.org\",\"@graph\":[{\"@type\":\"WebPage\",\"@id\":\"https:\/\/vaikasinternete.lt\/?page_id=2233\",\"url\":\"https:\/\/vaikasinternete.lt\/?page_id=2233\",\"name\":\"Mokymai - Vaikas internete\",\"isPartOf\":{\"@id\":\"https:\/\/vaikasinternete.lt\/#website\"},\"datePublished\":\"2024-09-21T17:09:41+00:00\",\"dateModified\":\"2024-09-26T18:16:04+00:00\",\"breadcrumb\":{\"@id\":\"https:\/\/vaikasinternete.lt\/?page_id=2233#breadcrumb\"},\"inLanguage\":\"lt-LT\",\"potentialAction\":[{\"@type\":\"ReadAction\",\"target\":[\"https:\/\/vaikasinternete.lt\/?page_id=2233\"]}]},{\"@type\":\"BreadcrumbList\",\"@id\":\"https:\/\/vaikasinternete.lt\/?page_id=2233#breadcrumb\",\"itemListElement\":[{\"@type\":\"ListItem\",\"position\":1,\"name\":\"Home\",\"item\":\"https:\/\/vaikasinternete.lt\/\"},{\"@type\":\"ListItem\",\"position\":2,\"name\":\"Mokymai\"}]},{\"@type\":\"WebSite\",\"@id\":\"https:\/\/vaikasinternete.lt\/#website\",\"url\":\"https:\/\/vaikasinternete.lt\/\",\"name\":\"Vaikas internete\",\"description\":\"Saugesniam rytojui\",\"potentialAction\":[{\"@type\":\"SearchAction\",\"target\":{\"@type\":\"EntryPoint\",\"urlTemplate\":\"https:\/\/vaikasinternete.lt\/?s={search_term_string}\"},\"query-input\":{\"@type\":\"PropertyValueSpecification\",\"valueRequired\":true,\"valueName\":\"search_term_string\"}}],\"inLanguage\":\"lt-LT\"}]}<\/script>\n<!-- \/ Yoast SEO Premium plugin. -->","yoast_head_json":{"title":"Mokymai - Vaikas internete","robots":{"index":"index","follow":"follow","max-snippet":"max-snippet:-1","max-image-preview":"max-image-preview:large","max-video-preview":"max-video-preview:-1"},"canonical":"https:\/\/vaikasinternete.lt\/?page_id=2233","og_locale":"lt_LT","og_type":"article","og_title":"Mokymai","og_description":"[vc_row][vc_column][vc_column_text] &nbsp; Sukurt\u0173 metodini\u0173 vadov\u0173 pagrindu yra organizuojami mokymai t\u0117vams ir visuomen\u0117s sveikatos specialistams. Viso projekto metu \u012f mokymus t\u0117vams bus \u012ftraukta 50 t\u0117v\u0173, \u012f mokymus specialistams\u00a0 bus \u012ftraukta 200 visuomen\u0117s sveikatos specialist\u0173 i\u0161 visos Lietuvos. Kvie\u010diame susipa\u017einti su detalia mokym\u0173 informacija: MOKYMAI T\u0116VAMS MOKYMAI SPECIALISTAMS &nbsp; [\/vc_column_text][\/vc_column][\/vc_row]","og_url":"https:\/\/vaikasinternete.lt\/?page_id=2233","og_site_name":"Vaikas internete","article_modified_time":"2024-09-26T18:16:04+00:00","twitter_card":"summary_large_image","twitter_misc":{"Est. reading time":"1 minut\u0117"},"schema":{"@context":"https:\/\/schema.org","@graph":[{"@type":"WebPage","@id":"https:\/\/vaikasinternete.lt\/?page_id=2233","url":"https:\/\/vaikasinternete.lt\/?page_id=2233","name":"Mokymai - Vaikas internete","isPartOf":{"@id":"https:\/\/vaikasinternete.lt\/#website"},"datePublished":"2024-09-21T17:09:41+00:00","dateModified":"2024-09-26T18:16:04+00:00","breadcrumb":{"@id":"https:\/\/vaikasinternete.lt\/?page_id=2233#breadcrumb"},"inLanguage":"lt-LT","potentialAction":[{"@type":"ReadAction","target":["https:\/\/vaikasinternete.lt\/?page_id=2233"]}]},{"@type":"BreadcrumbList","@id":"https:\/\/vaikasinternete.lt\/?page_id=2233#breadcrumb","itemListElement":[{"@type":"ListItem","position":1,"name":"Home","item":"https:\/\/vaikasinternete.lt\/"},{"@type":"ListItem","position":2,"name":"Mokymai"}]},{"@type":"WebSite","@id":"https:\/\/vaikasinternete.lt\/#website","url":"https:\/\/vaikasinternete.lt\/","name":"Vaikas internete","description":"Saugesniam rytojui","potentialAction":[{"@type":"SearchAction","target":{"@type":"EntryPoint","urlTemplate":"https:\/\/vaikasinternete.lt\/?s={search_term_string}"},"query-input":{"@type":"PropertyValueSpecification","valueRequired":true,"valueName":"search_term_string"}}],"inLanguage":"lt-LT"}]}},"_links":{"self":[{"href":"https:\/\/vaikasinternete.lt\/index.php?rest_route=\/wp\/v2\/pages\/2233"}],"collection":[{"href":"https:\/\/vaikasinternete.lt\/index.php?rest_route=\/wp\/v2\/pages"}],"about":[{"href":"https:\/\/vaikasinternete.lt\/index.php?rest_route=\/wp\/v2\/types\/page"}],"author":[{"embeddable":true,"href":"https:\/\/vaikasinternete.lt\/index.php?rest_route=\/wp\/v2\/users\/1"}],"replies":[{"embeddable":true,"href":"https:\/\/vaikasinternete.lt\/index.php?rest_route=%2Fwp%2Fv2%2Fcomments&post=2233"}],"version-history":[{"count":9,"href":"https:\/\/vaikasinternete.lt\/index.php?rest_route=\/wp\/v2\/pages\/2233\/revisions"}],"predecessor-version":[{"id":2306,"href":"https:\/\/vaikasinternete.lt\/index.php?rest_route=\/wp\/v2\/pages\/2233\/revisions\/2306"}],"wp:attachment":[{"href":"https:\/\/vaikasinternete.lt\/index.php?rest_route=%2Fwp%2Fv2%2Fmedia&parent=2233"}],"curies":[{"name":"wp","href":"https:\/\/api.w.org\/{rel}","templated":true}]}}