{"id":2231,"date":"2024-09-21T17:08:44","date_gmt":"2024-09-21T17:08:44","guid":{"rendered":"https:\/\/vaikasinternete.lt\/?page_id=2231"},"modified":"2024-10-28T18:44:18","modified_gmt":"2024-10-28T18:44:18","slug":"reklamine-medziaga","status":"publish","type":"page","link":"https:\/\/vaikasinternete.lt\/?page_id=2231","title":{"rendered":"Reklamin\u0117 med\u017eiaga"},"content":{"rendered":"<section class=\"wpb-content-wrapper\"><p>[vc_row][vc_column][vc_empty_space height=&#8221;50px&#8221;][vc_column_text]Visus, kurie neabejingi probleminio medij\u0173 naudojimo problemai, kvie\u010diame naudotis projekto reklamine med\u017eiaga. J\u0105 galite atsisi\u0173sti, spausdinti, platinti, kabinti stenduose, publikuoti internete. Tegu naudinga informacija pasiekia kuo daugiau \u017emoni\u0173!<\/p>\n<p><img decoding=\"async\" class=\"wp-image-2289 aligncenter\" src=\"https:\/\/vaikasinternete.lt\/wp-content\/uploads\/2024\/09\/Plakatas-212x300.jpg\" alt=\"\" width=\"180\" height=\"255\" srcset=\"https:\/\/vaikasinternete.lt\/wp-content\/uploads\/2024\/09\/Plakatas-212x300.jpg 212w, https:\/\/vaikasinternete.lt\/wp-content\/uploads\/2024\/09\/Plakatas.jpg 436w\" sizes=\"(max-width: 180px) 100vw, 180px\" \/><\/p>\n<p style=\"text-align: center;\"><a href=\"https:\/\/vaikasinternete.lt\/wp-content\/uploads\/2024\/09\/Plakatas.pdf\" target=\"_blank\" rel=\"noopener\">Plakatas<\/a><\/p>\n<p><img decoding=\"async\" class=\"size-medium wp-image-2290 aligncenter\" src=\"https:\/\/vaikasinternete.lt\/wp-content\/uploads\/2024\/09\/Lankstinukas-300x214.jpg\" alt=\"\" width=\"300\" height=\"214\" srcset=\"https:\/\/vaikasinternete.lt\/wp-content\/uploads\/2024\/09\/Lankstinukas-300x214.jpg 300w, https:\/\/vaikasinternete.lt\/wp-content\/uploads\/2024\/09\/Lankstinukas.jpg 666w\" sizes=\"(max-width: 300px) 100vw, 300px\" \/><\/p>\n<p style=\"text-align: center;\"><a href=\"https:\/\/vaikasinternete.lt\/wp-content\/uploads\/2024\/09\/Lankstinukas.pdf\" target=\"_blank\" rel=\"noopener\">Lankstinukas<\/a><\/p>\n<p style=\"text-align: center;\"><a href=\"https:\/\/vaikasinternete.lt\/wp-content\/uploads\/2024\/10\/Baneris-180-x-150-pixels.gif\" target=\"_blank\" rel=\"noopener\"><img decoding=\"async\" class=\"alignnone wp-image-2374\" src=\"https:\/\/vaikasinternete.lt\/wp-content\/uploads\/2024\/10\/Reklaminis-baneris.gif\" alt=\"\" width=\"300\" height=\"250\" \/><\/a><\/p>\n<p style=\"text-align: center;\"><a href=\"https:\/\/vaikasinternete.lt\/wp-content\/uploads\/2024\/10\/Baneris-180-x-150-pixels.gif\" target=\"_blank\" rel=\"noopener\">Reklaminis baneris 180 x 150 pixels<\/a><\/p>\n<div style=\"width: 1920px;\" class=\"wp-video\"><!--[if lt IE 9]><script>document.createElement('video');<\/script><![endif]-->\n<video class=\"wp-video-shortcode\" id=\"video-2231-1\" width=\"1920\" height=\"1080\" preload=\"metadata\" controls=\"controls\"><source type=\"video\/mp4\" src=\"https:\/\/vaikasinternete.lt\/wp-content\/uploads\/2024\/10\/Ilgas-video_Nepaskesk-internete.mp4?_=1\" \/><a href=\"https:\/\/vaikasinternete.lt\/wp-content\/uploads\/2024\/10\/Ilgas-video_Nepaskesk-internete.mp4\">https:\/\/vaikasinternete.lt\/wp-content\/uploads\/2024\/10\/Ilgas-video_Nepaskesk-internete.mp4<\/a><\/video><\/div>\n<p style=\"text-align: center;\"><a href=\"https:\/\/vaikasinternete.lt\/wp-content\/uploads\/2024\/10\/Ilgas-video_Nepaskesk-internete.mp4\" target=\"_blank\" rel=\"noopener\">Ilgas video 92 sekund\u0117s<\/a><\/p>\n<div style=\"width: 1920px;\" class=\"wp-video\"><video class=\"wp-video-shortcode\" id=\"video-2231-2\" width=\"1920\" height=\"1080\" preload=\"metadata\" controls=\"controls\"><source type=\"video\/mp4\" src=\"https:\/\/vaikasinternete.lt\/wp-content\/uploads\/2024\/10\/Trumpas-video_Nepaskesk-internete.mp4?_=2\" \/><a href=\"https:\/\/vaikasinternete.lt\/wp-content\/uploads\/2024\/10\/Trumpas-video_Nepaskesk-internete.mp4\">https:\/\/vaikasinternete.lt\/wp-content\/uploads\/2024\/10\/Trumpas-video_Nepaskesk-internete.mp4<\/a><\/video><\/div>\n<p style=\"text-align: center;\"><a href=\"https:\/\/vaikasinternete.lt\/wp-content\/uploads\/2024\/10\/Trumpas-video_Nepaskesk-internete.mp4\" target=\"_blank\" rel=\"noopener\">Trumpas video 19 sekund\u017ei\u0173<\/a><\/p>\n<p>[\/vc_column_text][\/vc_column][\/vc_row][vc_row][vc_column][vc_empty_space][\/vc_column][\/vc_row]<\/p>\n<\/section>","protected":false},"excerpt":{"rendered":"<p>[vc_row][vc_column][vc_empty_space height=&#8221;50px&#8221;][vc_column_text]Visus, kurie neabejingi probleminio medij\u0173 naudojimo problemai, kvie\u010diame naudotis projekto reklamine med\u017eiaga. J\u0105 galite atsisi\u0173sti, spausdinti, platinti, kabinti stenduose, publikuoti internete. Tegu naudinga informacija pasiekia kuo daugiau \u017emoni\u0173! Plakatas Lankstinukas Reklaminis baneris 180 x 150 pixels Ilgas video 92 sekund\u0117s Trumpas video 19 sekund\u017ei\u0173 [\/vc_column_text][\/vc_column][\/vc_row][vc_row][vc_column][vc_empty_space][\/vc_column][\/vc_row]<\/p>\n","protected":false},"author":1,"featured_media":0,"parent":0,"menu_order":0,"comment_status":"closed","ping_status":"closed","template":"page-templates\/template-2024.php","meta":{"_editorskit_title_hidden":false,"_editorskit_reading_time":0,"_editorskit_is_block_options_detached":false,"_editorskit_block_options_position":"{}","footnotes":""},"class_list":["post-2231","page","type-page","status-publish","hentry"],"yoast_head":"<!-- This site is optimized with the Yoast SEO Premium plugin v19.5 (Yoast SEO v23.4) - https:\/\/yoast.com\/wordpress\/plugins\/seo\/ -->\n<title>Reklamin\u0117 med\u017eiaga - Vaikas internete<\/title>\n<meta name=\"robots\" content=\"index, follow, max-snippet:-1, max-image-preview:large, max-video-preview:-1\" \/>\n<link rel=\"canonical\" href=\"https:\/\/vaikasinternete.lt\/?page_id=2231\" \/>\n<meta property=\"og:locale\" content=\"lt_LT\" \/>\n<meta property=\"og:type\" content=\"article\" \/>\n<meta property=\"og:title\" content=\"Reklamin\u0117 med\u017eiaga\" \/>\n<meta property=\"og:description\" content=\"[vc_row][vc_column][vc_empty_space height=&#8221;50px&#8221;][vc_column_text]Visus, kurie neabejingi probleminio medij\u0173 naudojimo problemai, kvie\u010diame naudotis projekto reklamine med\u017eiaga. J\u0105 galite atsisi\u0173sti, spausdinti, platinti, kabinti stenduose, publikuoti internete. Tegu naudinga informacija pasiekia kuo daugiau \u017emoni\u0173! Plakatas Lankstinukas Reklaminis baneris 180 x 150 pixels Ilgas video 92 sekund\u0117s Trumpas video 19 sekund\u017ei\u0173 [\/vc_column_text][\/vc_column][\/vc_row][vc_row][vc_column][vc_empty_space][\/vc_column][\/vc_row]\" \/>\n<meta property=\"og:url\" content=\"https:\/\/vaikasinternete.lt\/?page_id=2231\" \/>\n<meta property=\"og:site_name\" content=\"Vaikas internete\" \/>\n<meta property=\"article:modified_time\" content=\"2024-10-28T18:44:18+00:00\" \/>\n<meta property=\"og:image\" content=\"https:\/\/vaikasinternete.lt\/wp-content\/uploads\/2024\/09\/Plakatas-212x300.jpg\" \/>\n<meta name=\"twitter:card\" content=\"summary_large_image\" \/>\n<meta name=\"twitter:label1\" content=\"Est. reading time\" \/>\n\t<meta name=\"twitter:data1\" content=\"1 minut\u0117\" \/>\n<script type=\"application\/ld+json\" class=\"yoast-schema-graph\">{\"@context\":\"https:\/\/schema.org\",\"@graph\":[{\"@type\":\"WebPage\",\"@id\":\"https:\/\/vaikasinternete.lt\/?page_id=2231\",\"url\":\"https:\/\/vaikasinternete.lt\/?page_id=2231\",\"name\":\"Reklamin\u0117 med\u017eiaga - Vaikas internete\",\"isPartOf\":{\"@id\":\"https:\/\/vaikasinternete.lt\/#website\"},\"primaryImageOfPage\":{\"@id\":\"https:\/\/vaikasinternete.lt\/?page_id=2231#primaryimage\"},\"image\":{\"@id\":\"https:\/\/vaikasinternete.lt\/?page_id=2231#primaryimage\"},\"thumbnailUrl\":\"https:\/\/vaikasinternete.lt\/wp-content\/uploads\/2024\/09\/Plakatas-212x300.jpg\",\"datePublished\":\"2024-09-21T17:08:44+00:00\",\"dateModified\":\"2024-10-28T18:44:18+00:00\",\"breadcrumb\":{\"@id\":\"https:\/\/vaikasinternete.lt\/?page_id=2231#breadcrumb\"},\"inLanguage\":\"lt-LT\",\"potentialAction\":[{\"@type\":\"ReadAction\",\"target\":[\"https:\/\/vaikasinternete.lt\/?page_id=2231\"]}]},{\"@type\":\"ImageObject\",\"inLanguage\":\"lt-LT\",\"@id\":\"https:\/\/vaikasinternete.lt\/?page_id=2231#primaryimage\",\"url\":\"https:\/\/vaikasinternete.lt\/wp-content\/uploads\/2024\/09\/Plakatas.jpg\",\"contentUrl\":\"https:\/\/vaikasinternete.lt\/wp-content\/uploads\/2024\/09\/Plakatas.jpg\",\"width\":436,\"height\":616},{\"@type\":\"BreadcrumbList\",\"@id\":\"https:\/\/vaikasinternete.lt\/?page_id=2231#breadcrumb\",\"itemListElement\":[{\"@type\":\"ListItem\",\"position\":1,\"name\":\"Home\",\"item\":\"https:\/\/vaikasinternete.lt\/\"},{\"@type\":\"ListItem\",\"position\":2,\"name\":\"Reklamin\u0117 med\u017eiaga\"}]},{\"@type\":\"WebSite\",\"@id\":\"https:\/\/vaikasinternete.lt\/#website\",\"url\":\"https:\/\/vaikasinternete.lt\/\",\"name\":\"Vaikas internete\",\"description\":\"Saugesniam rytojui\",\"potentialAction\":[{\"@type\":\"SearchAction\",\"target\":{\"@type\":\"EntryPoint\",\"urlTemplate\":\"https:\/\/vaikasinternete.lt\/?s={search_term_string}\"},\"query-input\":{\"@type\":\"PropertyValueSpecification\",\"valueRequired\":true,\"valueName\":\"search_term_string\"}}],\"inLanguage\":\"lt-LT\"}]}<\/script>\n<!-- \/ Yoast SEO Premium plugin. -->","yoast_head_json":{"title":"Reklamin\u0117 med\u017eiaga - Vaikas internete","robots":{"index":"index","follow":"follow","max-snippet":"max-snippet:-1","max-image-preview":"max-image-preview:large","max-video-preview":"max-video-preview:-1"},"canonical":"https:\/\/vaikasinternete.lt\/?page_id=2231","og_locale":"lt_LT","og_type":"article","og_title":"Reklamin\u0117 med\u017eiaga","og_description":"[vc_row][vc_column][vc_empty_space height=&#8221;50px&#8221;][vc_column_text]Visus, kurie neabejingi probleminio medij\u0173 naudojimo problemai, kvie\u010diame naudotis projekto reklamine med\u017eiaga. J\u0105 galite atsisi\u0173sti, spausdinti, platinti, kabinti stenduose, publikuoti internete. Tegu naudinga informacija pasiekia kuo daugiau \u017emoni\u0173! Plakatas Lankstinukas Reklaminis baneris 180 x 150 pixels Ilgas video 92 sekund\u0117s Trumpas video 19 sekund\u017ei\u0173 [\/vc_column_text][\/vc_column][\/vc_row][vc_row][vc_column][vc_empty_space][\/vc_column][\/vc_row]","og_url":"https:\/\/vaikasinternete.lt\/?page_id=2231","og_site_name":"Vaikas internete","article_modified_time":"2024-10-28T18:44:18+00:00","og_image":[{"url":"https:\/\/vaikasinternete.lt\/wp-content\/uploads\/2024\/09\/Plakatas-212x300.jpg"}],"twitter_card":"summary_large_image","twitter_misc":{"Est. reading time":"1 minut\u0117"},"schema":{"@context":"https:\/\/schema.org","@graph":[{"@type":"WebPage","@id":"https:\/\/vaikasinternete.lt\/?page_id=2231","url":"https:\/\/vaikasinternete.lt\/?page_id=2231","name":"Reklamin\u0117 med\u017eiaga - Vaikas internete","isPartOf":{"@id":"https:\/\/vaikasinternete.lt\/#website"},"primaryImageOfPage":{"@id":"https:\/\/vaikasinternete.lt\/?page_id=2231#primaryimage"},"image":{"@id":"https:\/\/vaikasinternete.lt\/?page_id=2231#primaryimage"},"thumbnailUrl":"https:\/\/vaikasinternete.lt\/wp-content\/uploads\/2024\/09\/Plakatas-212x300.jpg","datePublished":"2024-09-21T17:08:44+00:00","dateModified":"2024-10-28T18:44:18+00:00","breadcrumb":{"@id":"https:\/\/vaikasinternete.lt\/?page_id=2231#breadcrumb"},"inLanguage":"lt-LT","potentialAction":[{"@type":"ReadAction","target":["https:\/\/vaikasinternete.lt\/?page_id=2231"]}]},{"@type":"ImageObject","inLanguage":"lt-LT","@id":"https:\/\/vaikasinternete.lt\/?page_id=2231#primaryimage","url":"https:\/\/vaikasinternete.lt\/wp-content\/uploads\/2024\/09\/Plakatas.jpg","contentUrl":"https:\/\/vaikasinternete.lt\/wp-content\/uploads\/2024\/09\/Plakatas.jpg","width":436,"height":616},{"@type":"BreadcrumbList","@id":"https:\/\/vaikasinternete.lt\/?page_id=2231#breadcrumb","itemListElement":[{"@type":"ListItem","position":1,"name":"Home","item":"https:\/\/vaikasinternete.lt\/"},{"@type":"ListItem","position":2,"name":"Reklamin\u0117 med\u017eiaga"}]},{"@type":"WebSite","@id":"https:\/\/vaikasinternete.lt\/#website","url":"https:\/\/vaikasinternete.lt\/","name":"Vaikas internete","description":"Saugesniam rytojui","potentialAction":[{"@type":"SearchAction","target":{"@type":"EntryPoint","urlTemplate":"https:\/\/vaikasinternete.lt\/?s={search_term_string}"},"query-input":{"@type":"PropertyValueSpecification","valueRequired":true,"valueName":"search_term_string"}}],"inLanguage":"lt-LT"}]}},"_links":{"self":[{"href":"https:\/\/vaikasinternete.lt\/index.php?rest_route=\/wp\/v2\/pages\/2231"}],"collection":[{"href":"https:\/\/vaikasinternete.lt\/index.php?rest_route=\/wp\/v2\/pages"}],"about":[{"href":"https:\/\/vaikasinternete.lt\/index.php?rest_route=\/wp\/v2\/types\/page"}],"author":[{"embeddable":true,"href":"https:\/\/vaikasinternete.lt\/index.php?rest_route=\/wp\/v2\/users\/1"}],"replies":[{"embeddable":true,"href":"https:\/\/vaikasinternete.lt\/index.php?rest_route=%2Fwp%2Fv2%2Fcomments&post=2231"}],"version-history":[{"count":38,"href":"https:\/\/vaikasinternete.lt\/index.php?rest_route=\/wp\/v2\/pages\/2231\/revisions"}],"predecessor-version":[{"id":2484,"href":"https:\/\/vaikasinternete.lt\/index.php?rest_route=\/wp\/v2\/pages\/2231\/revisions\/2484"}],"wp:attachment":[{"href":"https:\/\/vaikasinternete.lt\/index.php?rest_route=%2Fwp%2Fv2%2Fmedia&parent=2231"}],"curies":[{"name":"wp","href":"https:\/\/api.w.org\/{rel}","templated":true}]}}