{"id":2044,"date":"2024-07-12T18:07:05","date_gmt":"2024-07-12T18:07:05","guid":{"rendered":"https:\/\/vaikasinternete.lt\/?page_id=2044"},"modified":"2024-12-28T17:15:19","modified_gmt":"2024-12-28T17:15:19","slug":"pradzia","status":"publish","type":"page","link":"https:\/\/vaikasinternete.lt\/","title":{"rendered":"Prad\u017eia"},"content":{"rendered":"<section class=\"wpb-content-wrapper\"><p>[vc_row content_placement=&#8221;bottom&#8221; fullwidth=&#8221;yes&#8221; archi_fullheight=&#8221;yes&#8221; css=&#8221;.vc_custom_1721423957364{background-image: url(https:\/\/vaikasinternete.lt\/wp-content\/uploads\/2022\/11\/Vaikai-prie-kompo-sviesus-scaled.jpg?id=1704) !important;background-position: center !important;background-repeat: no-repeat !important;background-size: cover !important;}&#8221;][vc_column width=&#8221;2\/3&#8243; css=&#8221;.vc_custom_1721429738252{padding-top: 40% !important;padding-bottom: 20% !important;}&#8221;][\/vc_column][vc_column width=&#8221;1\/3&#8243; offset=&#8221;vc_col-xs-12&#8243; css=&#8221;.vc_custom_1721492571363{padding-top: 30% !important;}&#8221;][vc_btn title=&#8221;Metodinis vadovas T\u0116VAMS&#8221; style=&#8221;outline-custom&#8221; outline_custom_color=&#8221;#1386db&#8221; outline_custom_hover_background=&#8221;#ffffff&#8221; outline_custom_hover_text=&#8221;#27c7ff&#8221; shape=&#8221;square&#8221; size=&#8221;lg&#8221; align=&#8221;left&#8221; i_icon_fontawesome=&#8221;fas fa-arrow-alt-circle-right&#8221; css_animation=&#8221;slideInRight&#8221; button_block=&#8221;true&#8221; add_icon=&#8221;true&#8221; link=&#8221;url:https%3A%2F%2Fvaikasinternete.lt%2F%3Fpage_id%3D2265|title:2024%20m.%20projektas|target:_blank&#8221; css=&#8221;.vc_custom_1732894947426{background-color: rgba(255,255,255,0.75) !important;*background-color: rgb(255,255,255) !important;}&#8221;][vc_btn title=&#8221;Metodinis vadovas ir praktinis gidas VISUOMEN\u0116S SVEIKATOS SPECIALISTAMS&#8221; style=&#8221;outline-custom&#8221; outline_custom_color=&#8221;#1386db&#8221; outline_custom_hover_background=&#8221;#ffffff&#8221; outline_custom_hover_text=&#8221;#27c7ff&#8221; shape=&#8221;square&#8221; size=&#8221;lg&#8221; align=&#8221;left&#8221; i_icon_fontawesome=&#8221;fas fa-arrow-alt-circle-right&#8221; css_animation=&#8221;slideInRight&#8221; add_icon=&#8221;true&#8221; link=&#8221;url:https%3A%2F%2Fvaikasinternete.lt%2F%3Fpage_id%3D2269|title:2024%20m.%20projektas|target:_blank&#8221; css=&#8221;.vc_custom_1732894917706{background-color: rgba(255,255,255,0.75) !important;*background-color: rgb(255,255,255) !important;}&#8221;][vc_btn title=&#8221;Plakatas &#8222;Skaitmenin\u0117s higienos taisykl\u0117s&#8222;&#8221; style=&#8221;outline-custom&#8221; outline_custom_color=&#8221;#dd3333&#8243; outline_custom_hover_background=&#8221;#ffffff&#8221; outline_custom_hover_text=&#8221;#27c7ff&#8221; shape=&#8221;square&#8221; size=&#8221;lg&#8221; align=&#8221;left&#8221; i_icon_fontawesome=&#8221;fas fa-arrow-alt-circle-right&#8221; css_animation=&#8221;slideInRight&#8221; button_block=&#8221;true&#8221; add_icon=&#8221;true&#8221; link=&#8221;url:https%3A%2F%2Fvaikasinternete.lt%2Fwp-content%2Fuploads%2F2024%2F09%2FPlakatas.pdf|title:2024%20m.%20projektas|target:_blank&#8221; css=&#8221;.vc_custom_1735406111253{background-color: rgba(255,255,255,0.75) !important;*background-color: rgb(255,255,255) !important;}&#8221;][vc_btn title=&#8221;Mokym\u0173 visuomen\u0117s sveikatos specialistams MED\u017dIAGA&#8221; style=&#8221;outline-custom&#8221; outline_custom_color=&#8221;#d83211&#8243; outline_custom_hover_background=&#8221;#ffffff&#8221; outline_custom_hover_text=&#8221;#27c7ff&#8221; shape=&#8221;square&#8221; size=&#8221;lg&#8221; align=&#8221;left&#8221; i_icon_fontawesome=&#8221;fas fa-arrow-alt-circle-right&#8221; css_animation=&#8221;slideInRight&#8221; button_block=&#8221;true&#8221; add_icon=&#8221;true&#8221; link=&#8221;url:https%3A%2F%2Fvaikasinternete.lt%2F%3Fpage_id%3D2299|title:2024%20m.%20projektas|target:_blank&#8221; css=&#8221;.vc_custom_1732895425555{background-color: rgba(255,255,255,0.75) !important;*background-color: rgb(255,255,255) !important;}&#8221;][vc_btn title=&#8221;Straipsnis &#8222;Santyki\u0173 vagis. Kaip pad\u0117ti savo vaikui ir sau?&#8222;&#8221; style=&#8221;outline-custom&#8221; outline_custom_color=&#8221;#e08d11&#8243; outline_custom_hover_background=&#8221;#ffffff&#8221; outline_custom_hover_text=&#8221;#27c7ff&#8221; shape=&#8221;square&#8221; size=&#8221;lg&#8221; align=&#8221;left&#8221; i_icon_fontawesome=&#8221;fas fa-arrow-alt-circle-right&#8221; css_animation=&#8221;slideInRight&#8221; button_block=&#8221;true&#8221; add_icon=&#8221;true&#8221; link=&#8221;url:https%3A%2F%2Fwww.delfi.lt%2Fnews%2Fringas%2Flit%2Fdalius-rakutis-santykiu-vagis-kaip-padeti-savo-vaikui-ir-sau-120072564|title:2024%20m.%20projektas|target:_blank&#8221; css=&#8221;.vc_custom_1735298158677{background-color: rgba(255,255,255,0.75) !important;*background-color: rgb(255,255,255) !important;}&#8221;][\/vc_column][\/vc_row]<\/p>\n<\/section>","protected":false},"excerpt":{"rendered":"<p>[vc_row content_placement=&#8221;bottom&#8221; fullwidth=&#8221;yes&#8221; archi_fullheight=&#8221;yes&#8221; css=&#8221;.vc_custom_1721423957364{background-image: url(https:\/\/vaikasinternete.lt\/wp-content\/uploads\/2022\/11\/Vaikai-prie-kompo-sviesus-scaled.jpg?id=1704) !important;background-position: center !important;background-repeat: no-repeat !important;background-size: cover !important;}&#8221;][vc_column width=&#8221;2\/3&#8243; css=&#8221;.vc_custom_1721429738252{padding-top: 40% !important;padding-bottom: 20% !important;}&#8221;][\/vc_column][vc_column width=&#8221;1\/3&#8243; offset=&#8221;vc_col-xs-12&#8243; css=&#8221;.vc_custom_1721492571363{padding-top: 30% !important;}&#8221;][vc_btn title=&#8221;Metodinis vadovas T\u0116VAMS&#8221; style=&#8221;outline-custom&#8221; outline_custom_color=&#8221;#1386db&#8221; outline_custom_hover_background=&#8221;#ffffff&#8221; outline_custom_hover_text=&#8221;#27c7ff&#8221; shape=&#8221;square&#8221; size=&#8221;lg&#8221; align=&#8221;left&#8221; i_icon_fontawesome=&#8221;fas fa-arrow-alt-circle-right&#8221; css_animation=&#8221;slideInRight&#8221; button_block=&#8221;true&#8221; add_icon=&#8221;true&#8221; link=&#8221;url:https%3A%2F%2Fvaikasinternete.lt%2F%3Fpage_id%3D2265|title:2024%20m.%20projektas|target:_blank&#8221; css=&#8221;.vc_custom_1732894947426{background-color: rgba(255,255,255,0.75) !important;*background-color: rgb(255,255,255) !important;}&#8221;][vc_btn title=&#8221;Metodinis vadovas ir praktinis gidas VISUOMEN\u0116S SVEIKATOS SPECIALISTAMS&#8221; style=&#8221;outline-custom&#8221; outline_custom_color=&#8221;#1386db&#8221; [&hellip;]<\/p>\n","protected":false},"author":1,"featured_media":0,"parent":0,"menu_order":0,"comment_status":"closed","ping_status":"closed","template":"page-templates\/template-landing.php","meta":{"_editorskit_title_hidden":false,"_editorskit_reading_time":1,"_editorskit_is_block_options_detached":false,"_editorskit_block_options_position":"{}","footnotes":""},"class_list":["post-2044","page","type-page","status-publish","hentry"],"yoast_head":"<!-- This site is optimized with the Yoast SEO Premium plugin v19.5 (Yoast SEO v23.4) - https:\/\/yoast.com\/wordpress\/plugins\/seo\/ -->\n<title>Vaikas internete<\/title>\n<meta name=\"description\" content=\"Kvie\u010diame susipa\u017einti su m\u016bs\u0173 jau \u012fvykdyta ir \u012fgyvendinama veikla, projektais, renginiais ir metodine med\u017eiaga.\" \/>\n<meta name=\"robots\" content=\"index, follow, max-snippet:-1, max-image-preview:large, max-video-preview:-1\" \/>\n<link rel=\"canonical\" href=\"https:\/\/vaikasinternete.lt\/\" \/>\n<meta property=\"og:locale\" content=\"lt_LT\" \/>\n<meta property=\"og:type\" content=\"article\" \/>\n<meta property=\"og:title\" content=\"Prad\u017eia\" \/>\n<meta property=\"og:description\" content=\"Kvie\u010diame susipa\u017einti su m\u016bs\u0173 jau \u012fvykdyta ir \u012fgyvendinama veikla, projektais, renginiais ir metodine med\u017eiaga.\" \/>\n<meta property=\"og:url\" content=\"https:\/\/vaikasinternete.lt\/\" \/>\n<meta property=\"og:site_name\" content=\"Vaikas internete\" \/>\n<meta property=\"article:modified_time\" content=\"2024-12-28T17:15:19+00:00\" \/>\n<meta name=\"twitter:card\" content=\"summary_large_image\" \/>\n<meta name=\"twitter:label1\" content=\"Est. reading time\" \/>\n\t<meta name=\"twitter:data1\" content=\"1 minut\u0117\" \/>\n<script type=\"application\/ld+json\" class=\"yoast-schema-graph\">{\"@context\":\"https:\/\/schema.org\",\"@graph\":[{\"@type\":\"WebPage\",\"@id\":\"https:\/\/vaikasinternete.lt\/\",\"url\":\"https:\/\/vaikasinternete.lt\/\",\"name\":\"Vaikas internete\",\"isPartOf\":{\"@id\":\"https:\/\/vaikasinternete.lt\/#website\"},\"datePublished\":\"2024-07-12T18:07:05+00:00\",\"dateModified\":\"2024-12-28T17:15:19+00:00\",\"description\":\"Kvie\u010diame susipa\u017einti su m\u016bs\u0173 jau \u012fvykdyta ir \u012fgyvendinama veikla, projektais, renginiais ir metodine med\u017eiaga.\",\"breadcrumb\":{\"@id\":\"https:\/\/vaikasinternete.lt\/#breadcrumb\"},\"inLanguage\":\"lt-LT\",\"potentialAction\":[{\"@type\":\"ReadAction\",\"target\":[\"https:\/\/vaikasinternete.lt\/\"]}]},{\"@type\":\"BreadcrumbList\",\"@id\":\"https:\/\/vaikasinternete.lt\/#breadcrumb\",\"itemListElement\":[{\"@type\":\"ListItem\",\"position\":1,\"name\":\"Home\",\"item\":\"https:\/\/vaikasinternete.lt\/\"},{\"@type\":\"ListItem\",\"position\":2,\"name\":\"Prad\u017eia\"}]},{\"@type\":\"WebSite\",\"@id\":\"https:\/\/vaikasinternete.lt\/#website\",\"url\":\"https:\/\/vaikasinternete.lt\/\",\"name\":\"Vaikas internete\",\"description\":\"Saugesniam rytojui\",\"potentialAction\":[{\"@type\":\"SearchAction\",\"target\":{\"@type\":\"EntryPoint\",\"urlTemplate\":\"https:\/\/vaikasinternete.lt\/?s={search_term_string}\"},\"query-input\":{\"@type\":\"PropertyValueSpecification\",\"valueRequired\":true,\"valueName\":\"search_term_string\"}}],\"inLanguage\":\"lt-LT\"}]}<\/script>\n<!-- \/ Yoast SEO Premium plugin. -->","yoast_head_json":{"title":"Vaikas internete","description":"Kvie\u010diame susipa\u017einti su m\u016bs\u0173 jau \u012fvykdyta ir \u012fgyvendinama veikla, projektais, renginiais ir metodine med\u017eiaga.","robots":{"index":"index","follow":"follow","max-snippet":"max-snippet:-1","max-image-preview":"max-image-preview:large","max-video-preview":"max-video-preview:-1"},"canonical":"https:\/\/vaikasinternete.lt\/","og_locale":"lt_LT","og_type":"article","og_title":"Prad\u017eia","og_description":"Kvie\u010diame susipa\u017einti su m\u016bs\u0173 jau \u012fvykdyta ir \u012fgyvendinama veikla, projektais, renginiais ir metodine med\u017eiaga.","og_url":"https:\/\/vaikasinternete.lt\/","og_site_name":"Vaikas internete","article_modified_time":"2024-12-28T17:15:19+00:00","twitter_card":"summary_large_image","twitter_misc":{"Est. reading time":"1 minut\u0117"},"schema":{"@context":"https:\/\/schema.org","@graph":[{"@type":"WebPage","@id":"https:\/\/vaikasinternete.lt\/","url":"https:\/\/vaikasinternete.lt\/","name":"Vaikas internete","isPartOf":{"@id":"https:\/\/vaikasinternete.lt\/#website"},"datePublished":"2024-07-12T18:07:05+00:00","dateModified":"2024-12-28T17:15:19+00:00","description":"Kvie\u010diame susipa\u017einti su m\u016bs\u0173 jau \u012fvykdyta ir \u012fgyvendinama veikla, projektais, renginiais ir metodine med\u017eiaga.","breadcrumb":{"@id":"https:\/\/vaikasinternete.lt\/#breadcrumb"},"inLanguage":"lt-LT","potentialAction":[{"@type":"ReadAction","target":["https:\/\/vaikasinternete.lt\/"]}]},{"@type":"BreadcrumbList","@id":"https:\/\/vaikasinternete.lt\/#breadcrumb","itemListElement":[{"@type":"ListItem","position":1,"name":"Home","item":"https:\/\/vaikasinternete.lt\/"},{"@type":"ListItem","position":2,"name":"Prad\u017eia"}]},{"@type":"WebSite","@id":"https:\/\/vaikasinternete.lt\/#website","url":"https:\/\/vaikasinternete.lt\/","name":"Vaikas internete","description":"Saugesniam rytojui","potentialAction":[{"@type":"SearchAction","target":{"@type":"EntryPoint","urlTemplate":"https:\/\/vaikasinternete.lt\/?s={search_term_string}"},"query-input":{"@type":"PropertyValueSpecification","valueRequired":true,"valueName":"search_term_string"}}],"inLanguage":"lt-LT"}]}},"_links":{"self":[{"href":"https:\/\/vaikasinternete.lt\/index.php?rest_route=\/wp\/v2\/pages\/2044"}],"collection":[{"href":"https:\/\/vaikasinternete.lt\/index.php?rest_route=\/wp\/v2\/pages"}],"about":[{"href":"https:\/\/vaikasinternete.lt\/index.php?rest_route=\/wp\/v2\/types\/page"}],"author":[{"embeddable":true,"href":"https:\/\/vaikasinternete.lt\/index.php?rest_route=\/wp\/v2\/users\/1"}],"replies":[{"embeddable":true,"href":"https:\/\/vaikasinternete.lt\/index.php?rest_route=%2Fwp%2Fv2%2Fcomments&post=2044"}],"version-history":[{"count":139,"href":"https:\/\/vaikasinternete.lt\/index.php?rest_route=\/wp\/v2\/pages\/2044\/revisions"}],"predecessor-version":[{"id":2582,"href":"https:\/\/vaikasinternete.lt\/index.php?rest_route=\/wp\/v2\/pages\/2044\/revisions\/2582"}],"wp:attachment":[{"href":"https:\/\/vaikasinternete.lt\/index.php?rest_route=%2Fwp%2Fv2%2Fmedia&parent=2044"}],"curies":[{"name":"wp","href":"https:\/\/api.w.org\/{rel}","templated":true}]}}