{"id":2,"date":"2022-11-04T21:58:03","date_gmt":"2022-11-04T21:58:03","guid":{"rendered":"http:\/\/www.vaikasinternete.lt\/?page_id=2"},"modified":"2024-12-19T20:00:31","modified_gmt":"2024-12-19T20:00:31","slug":"metodika-ekspertui","status":"publish","type":"page","link":"https:\/\/vaikasinternete.lt\/?page_id=2","title":{"rendered":"Metodika ekspertui"},"content":{"rendered":"\n<p>Kvie\u010diame susipa\u017einti su <a href=\"https:\/\/www.vaikasinternete.lt\/wp-content\/uploads\/2024\/07\/Metodika-galutine-versija-sumaketuota.pdf\" target=\"_blank\" aria-label=\" (opens in a new tab)\" rel=\"noreferrer noopener\" class=\"ek-link\">&#8222;Neigiamo skaitmenin\u0117s poveikio vaiko asmenybei prevencijos ir ankstyvosios intervencijos mokykloje algoritmu (metodika)&#8221;.<\/a><\/p>\n","protected":false},"excerpt":{"rendered":"<p>Kvie\u010diame susipa\u017einti su &#8222;Neigiamo skaitmenin\u0117s poveikio vaiko asmenybei prevencijos ir ankstyvosios intervencijos mokykloje algoritmu (metodika)&#8221;.<\/p>\n","protected":false},"author":1,"featured_media":0,"parent":0,"menu_order":0,"comment_status":"closed","ping_status":"closed","template":"","meta":{"_editorskit_title_hidden":false,"_editorskit_reading_time":1,"_editorskit_is_block_options_detached":false,"_editorskit_block_options_position":"{}","footnotes":""},"class_list":["post-2","page","type-page","status-publish","hentry"],"yoast_head":"<!-- This site is optimized with the Yoast SEO Premium plugin v19.5 (Yoast SEO v23.4) - https:\/\/yoast.com\/wordpress\/plugins\/seo\/ -->\n<title>Metodika ekspertui - Vaikas internete<\/title>\n<meta name=\"robots\" content=\"index, follow, max-snippet:-1, max-image-preview:large, max-video-preview:-1\" \/>\n<link rel=\"canonical\" href=\"https:\/\/vaikasinternete.lt\/?page_id=2\" \/>\n<meta property=\"og:locale\" content=\"lt_LT\" \/>\n<meta property=\"og:type\" content=\"article\" \/>\n<meta property=\"og:title\" content=\"Metodika ekspertui\" \/>\n<meta property=\"og:description\" content=\"Kvie\u010diame susipa\u017einti su &#8222;Neigiamo skaitmenin\u0117s poveikio vaiko asmenybei prevencijos ir ankstyvosios intervencijos mokykloje algoritmu (metodika)&#8221;.\" \/>\n<meta property=\"og:url\" content=\"https:\/\/vaikasinternete.lt\/?page_id=2\" \/>\n<meta property=\"og:site_name\" content=\"Vaikas internete\" \/>\n<meta property=\"article:modified_time\" content=\"2024-12-19T20:00:31+00:00\" \/>\n<meta name=\"twitter:card\" content=\"summary_large_image\" \/>\n<meta name=\"twitter:label1\" content=\"Est. reading time\" \/>\n\t<meta name=\"twitter:data1\" content=\"1 minut\u0117\" \/>\n<script type=\"application\/ld+json\" class=\"yoast-schema-graph\">{\"@context\":\"https:\/\/schema.org\",\"@graph\":[{\"@type\":\"WebPage\",\"@id\":\"https:\/\/vaikasinternete.lt\/?page_id=2\",\"url\":\"https:\/\/vaikasinternete.lt\/?page_id=2\",\"name\":\"Metodika ekspertui - Vaikas internete\",\"isPartOf\":{\"@id\":\"https:\/\/vaikasinternete.lt\/#website\"},\"datePublished\":\"2022-11-04T21:58:03+00:00\",\"dateModified\":\"2024-12-19T20:00:31+00:00\",\"breadcrumb\":{\"@id\":\"https:\/\/vaikasinternete.lt\/?page_id=2#breadcrumb\"},\"inLanguage\":\"lt-LT\",\"potentialAction\":[{\"@type\":\"ReadAction\",\"target\":[\"https:\/\/vaikasinternete.lt\/?page_id=2\"]}]},{\"@type\":\"BreadcrumbList\",\"@id\":\"https:\/\/vaikasinternete.lt\/?page_id=2#breadcrumb\",\"itemListElement\":[{\"@type\":\"ListItem\",\"position\":1,\"name\":\"Home\",\"item\":\"https:\/\/vaikasinternete.lt\/\"},{\"@type\":\"ListItem\",\"position\":2,\"name\":\"Metodika ekspertui\"}]},{\"@type\":\"WebSite\",\"@id\":\"https:\/\/vaikasinternete.lt\/#website\",\"url\":\"https:\/\/vaikasinternete.lt\/\",\"name\":\"Vaikas internete\",\"description\":\"Saugesniam rytojui\",\"potentialAction\":[{\"@type\":\"SearchAction\",\"target\":{\"@type\":\"EntryPoint\",\"urlTemplate\":\"https:\/\/vaikasinternete.lt\/?s={search_term_string}\"},\"query-input\":{\"@type\":\"PropertyValueSpecification\",\"valueRequired\":true,\"valueName\":\"search_term_string\"}}],\"inLanguage\":\"lt-LT\"}]}<\/script>\n<!-- \/ Yoast SEO Premium plugin. -->","yoast_head_json":{"title":"Metodika ekspertui - Vaikas internete","robots":{"index":"index","follow":"follow","max-snippet":"max-snippet:-1","max-image-preview":"max-image-preview:large","max-video-preview":"max-video-preview:-1"},"canonical":"https:\/\/vaikasinternete.lt\/?page_id=2","og_locale":"lt_LT","og_type":"article","og_title":"Metodika ekspertui","og_description":"Kvie\u010diame susipa\u017einti su &#8222;Neigiamo skaitmenin\u0117s poveikio vaiko asmenybei prevencijos ir ankstyvosios intervencijos mokykloje algoritmu (metodika)&#8221;.","og_url":"https:\/\/vaikasinternete.lt\/?page_id=2","og_site_name":"Vaikas internete","article_modified_time":"2024-12-19T20:00:31+00:00","twitter_card":"summary_large_image","twitter_misc":{"Est. reading time":"1 minut\u0117"},"schema":{"@context":"https:\/\/schema.org","@graph":[{"@type":"WebPage","@id":"https:\/\/vaikasinternete.lt\/?page_id=2","url":"https:\/\/vaikasinternete.lt\/?page_id=2","name":"Metodika ekspertui - Vaikas internete","isPartOf":{"@id":"https:\/\/vaikasinternete.lt\/#website"},"datePublished":"2022-11-04T21:58:03+00:00","dateModified":"2024-12-19T20:00:31+00:00","breadcrumb":{"@id":"https:\/\/vaikasinternete.lt\/?page_id=2#breadcrumb"},"inLanguage":"lt-LT","potentialAction":[{"@type":"ReadAction","target":["https:\/\/vaikasinternete.lt\/?page_id=2"]}]},{"@type":"BreadcrumbList","@id":"https:\/\/vaikasinternete.lt\/?page_id=2#breadcrumb","itemListElement":[{"@type":"ListItem","position":1,"name":"Home","item":"https:\/\/vaikasinternete.lt\/"},{"@type":"ListItem","position":2,"name":"Metodika ekspertui"}]},{"@type":"WebSite","@id":"https:\/\/vaikasinternete.lt\/#website","url":"https:\/\/vaikasinternete.lt\/","name":"Vaikas internete","description":"Saugesniam rytojui","potentialAction":[{"@type":"SearchAction","target":{"@type":"EntryPoint","urlTemplate":"https:\/\/vaikasinternete.lt\/?s={search_term_string}"},"query-input":{"@type":"PropertyValueSpecification","valueRequired":true,"valueName":"search_term_string"}}],"inLanguage":"lt-LT"}]}},"_links":{"self":[{"href":"https:\/\/vaikasinternete.lt\/index.php?rest_route=\/wp\/v2\/pages\/2"}],"collection":[{"href":"https:\/\/vaikasinternete.lt\/index.php?rest_route=\/wp\/v2\/pages"}],"about":[{"href":"https:\/\/vaikasinternete.lt\/index.php?rest_route=\/wp\/v2\/types\/page"}],"author":[{"embeddable":true,"href":"https:\/\/vaikasinternete.lt\/index.php?rest_route=\/wp\/v2\/users\/1"}],"replies":[{"embeddable":true,"href":"https:\/\/vaikasinternete.lt\/index.php?rest_route=%2Fwp%2Fv2%2Fcomments&post=2"}],"version-history":[{"count":5,"href":"https:\/\/vaikasinternete.lt\/index.php?rest_route=\/wp\/v2\/pages\/2\/revisions"}],"predecessor-version":[{"id":2037,"href":"https:\/\/vaikasinternete.lt\/index.php?rest_route=\/wp\/v2\/pages\/2\/revisions\/2037"}],"wp:attachment":[{"href":"https:\/\/vaikasinternete.lt\/index.php?rest_route=%2Fwp%2Fv2%2Fmedia&parent=2"}],"curies":[{"name":"wp","href":"https:\/\/api.w.org\/{rel}","templated":true}]}}