{"id":1679,"date":"2022-11-12T19:12:43","date_gmt":"2022-11-12T19:12:43","guid":{"rendered":"https:\/\/www.vaikasinternete.lt\/?page_id=1679"},"modified":"2024-12-19T20:02:17","modified_gmt":"2024-12-19T20:02:17","slug":"projektas","status":"publish","type":"page","link":"https:\/\/vaikasinternete.lt\/?page_id=1679","title":{"rendered":"PROJEKTAS"},"content":{"rendered":"<section class=\"wpb-content-wrapper\"><p>[vc_row][vc_column][vc_column_text]<\/p>\r\n<p style=\"text-align: justify;\"> 2022 spalio m\u0117n. 12 d. Rengimo \u0161eimai asociacija pasira\u0161\u0117 sutart\u012f su LR Sveikatos apsaugos ministerija d\u0117l Valstybinio visuomen\u0117s sveikatos stiprinimo fondo l\u0117\u0161omis finansuojamo projekto\u00a0<strong>\u201cNeigiamo skaitmenin\u0117s aplinkos poveikio vaiko asmenybei prevencijos ir ankstyvosios intervencijos mokykloje algoritmas\u201d<\/strong>\u00a0vykdymo.<\/p>\r\n\r\n<p style=\"text-align: justify;\">Projekto pagrindinis\u00a0<strong>tikslas<\/strong>\u00a0\u2013 sukurti mokykl\u0173 vaiko gerov\u0117s komisijose dirbantiems specialistams (\u0161vietimo pagalbos specialistams, visuomen\u0117s sveikatos specialistams, pedagogams) pritaikyt\u0105 metodin\u0119 priemon\u0119, padedan\u010di\u0105 atpa\u017einti ir \u012fvertinti pernelyg intensyvaus skaitmenini\u0173 informacijos priemoni\u0173 naudojimo atvejus ir to sukeltas problemas,\u00a0 apmokant specialistus ja naudotis praktikoje.<\/p>\r\n\r\n<p>Projekto \u012fgyvendinimo\u00a0<strong>terminas<\/strong>\u00a0\u2013 2023 m. kovo m\u0117n. 1 d.<\/p>\r\n\r\n<p>Projekto\u00a0<strong>biud\u017eetas<\/strong>: 42383,87 Eur.<\/p>\r\n\r\n<p>Planuojami <strong>kiekybiniai rezultatai:<\/strong><\/p>\r\n<ul>\r\n<li>Sukurta metodin\u0117 med\u017eiaga (algoritmas), kuri\u0105 sudarys teorin\u0117 ir praktin\u0117 dalys.<\/li>\r\n<li><span style=\"text-align: justify;\">Bus i\u0161leista skaitmenin\u0117 metodin\u0117s med\u017eiagos (algoritmo) versija.<\/span><\/li>\r\n<li><span style=\"text-align: justify;\">Bus sukurtas interneto puslapis, kuriame bus patalpinta parengta metodika (www.vaikasinternete.lt).<\/span><\/li>\r\n<li><span style=\"text-align: justify;\">Suorganizuota 6 val. trukm\u0117s konferencija. Viso 75 dalyvi\u0173. Konferencija \u012fvyks <\/span><strong style=\"text-align: justify;\">2022 m. gruod\u017eio m\u0117n. 2 d.<\/strong><span style=\"text-align: justify;\"> VDU Did\u017eiojoje auloje, Gimnazijos g. 7, Kaune. <a href=\"https:\/\/www.vaikasinternete.lt\/wp-content\/uploads\/2022\/11\/Konferencijos-programa-Gruodzio-2-d..pdf\" target=\"_blank\" rel=\"noopener\">Konferencijos programa.<\/a>\u00a0<\/span><\/li>\r\n<li><span style=\"text-align: justify;\">Suorganizuota 10 mokym\u0173, 6 akad. val. trukm\u0117s, viso dalyvaus 300 specialist\u0173.<\/span><\/li>\r\n<li><span style=\"text-align: justify;\">\u012evyks 100 nuotolini\u0173 supervizij\u0173 po 1 val. trukm\u0117s, viso 100 val.<\/span><\/li>\r\n<li><span style=\"text-align: justify;\">\u012evyks 10 kontaktini\u0173 supervizij\u0173, po 2 val. trukm\u0117s, viso 20 val.<\/span><\/li>\r\n<li style=\"list-style-type: none;\">\r\n<ol>\r\n<li style=\"list-style-type: none;\">\r\n<ol><!-- \/wp:list-item -->\r\n\r\n<!-- wp:list-item --><!-- \/wp:list-item -->\r\n\r\n<!-- wp:list-item --><!-- \/wp:list-item -->\r\n\r\n<!-- wp:list-item --><!-- \/wp:list-item -->\r\n\r\n<!-- wp:list-item --><!-- \/wp:list-item -->\r\n\r\n<!-- wp:list-item --><!-- \/wp:list-item --><\/ol>\r\n<\/li>\r\n<\/ol>\r\n<p><!-- wp:list-item --><\/p>\r\n<\/li>\r\n<\/ul>\r\n<!-- \/wp:list -->\r\n<p style=\"text-align: justify;\"><strong>Planuojami kokybiniai rezultatai:<\/strong><\/p>\r\n<ul style=\"text-align: justify;\">\r\n<li>Padid\u0117j\u0119s mokyklos pedagog\u0173, klas\u0117s aukl\u0117toj\u0173 geb\u0117jimas atpa\u017einti pernelyg intensyvaus skaitmenini\u0173 informacijos priemoni\u0173 naudojimo atvejus.<\/li>\r\n<li>Pagilinta Vaiko gerov\u0117s komisijos specialist\u0173 kompetencija identifikuojant neigiamo skaitmenin\u0117s aplinkos poveikio vaiko asmenybei pob\u016bd\u012f ir galimas prie\u017eastis.<\/li>\r\n<li>\u012esisavinta specialist\u0173 veiksm\u0173, identifikavus pernelyg intensyvaus skaitmenini\u0173 informacijos priemoni\u0173 naudojim\u0105, seka.<\/li>\r\n<li>Pagilintos \u017einios apie vaiko teisi\u0173 \u012fstatymin\u0119 apsaug\u0105 nuo neigiamo skaitmenin\u0117s aplinkos poveikio reglamentuojan\u010dius nacionalinius ir tarptautinius teis\u0117s aktus.<\/li>\r\n<\/ul>\r\n<ol style=\"text-align: justify;\">\r\n<li style=\"list-style-type: none;\">\r\n<ol>\r\n<li style=\"list-style-type: none;\">\r\n<ol><!-- \/wp:list-item -->\r\n\r\n<!-- wp:list-item --><!-- \/wp:list-item -->\r\n\r\n<!-- wp:list-item --><!-- \/wp:list-item --><\/ol>\r\n<\/li>\r\n<\/ol>\r\n<p><!-- wp:list-item --><\/p>\r\n<\/li>\r\n<\/ol>\r\n<p style=\"text-align: justify;\"><strong>Projekto kontaktai:<\/strong><\/p>\r\n<!-- \/wp:paragraph -->\r\n<p style=\"text-align: justify;\"><!-- wp:paragraph -->Projekto vadovas Simonas Streikus, el.p. info@vaikasinternete.lt<\/p>\r\n<!-- \/wp:paragraph -->\r\n<p style=\"text-align: justify;\"><!-- wp:paragraph -->Projekt\u0105<strong>\u00a0finansuoja:\u00a0<\/strong>Visuomen\u0117s sveikatos stiprinimo fondas, administruojamas LR Sveikatos apsaugos ministerijos.<\/p>\r\n<p><img decoding=\"async\" class=\"aligncenter wp-image-1467 size-thumbnail\" src=\"https:\/\/www.vaikasinternete.lt\/wp-content\/uploads\/2022\/11\/SSF-logas-150x150.png\" alt=\"Valstybinio visuomen\u0117s sveikatos stiprinimo fondo logotipas\" width=\"150\" height=\"150\" \/>[\/vc_column_text][\/vc_column][\/vc_row]<\/p><\/section>","protected":false},"excerpt":{"rendered":"<p>[vc_row][vc_column][vc_column_text] 2022 spalio m\u0117n. 12 d. Rengimo \u0161eimai asociacija pasira\u0161\u0117 sutart\u012f su LR Sveikatos apsaugos ministerija d\u0117l Valstybinio visuomen\u0117s sveikatos stiprinimo fondo l\u0117\u0161omis finansuojamo projekto\u00a0\u201cNeigiamo skaitmenin\u0117s aplinkos poveikio vaiko asmenybei prevencijos ir ankstyvosios intervencijos mokykloje algoritmas\u201d\u00a0vykdymo. Projekto pagrindinis\u00a0tikslas\u00a0\u2013 sukurti mokykl\u0173 vaiko gerov\u0117s komisijose dirbantiems specialistams (\u0161vietimo pagalbos specialistams, visuomen\u0117s sveikatos specialistams, pedagogams) pritaikyt\u0105 metodin\u0119 priemon\u0119, [&hellip;]<\/p>\n","protected":false},"author":1,"featured_media":0,"parent":0,"menu_order":0,"comment_status":"closed","ping_status":"closed","template":"","meta":{"_editorskit_title_hidden":false,"_editorskit_reading_time":0,"_editorskit_is_block_options_detached":false,"_editorskit_block_options_position":"{}","footnotes":""},"class_list":["post-1679","page","type-page","status-publish","hentry"],"yoast_head":"<!-- This site is optimized with the Yoast SEO Premium plugin v19.5 (Yoast SEO v23.4) - https:\/\/yoast.com\/wordpress\/plugins\/seo\/ -->\n<title>PROJEKTAS - Vaikas internete<\/title>\n<meta name=\"robots\" content=\"index, follow, max-snippet:-1, max-image-preview:large, max-video-preview:-1\" \/>\n<link rel=\"canonical\" href=\"https:\/\/vaikasinternete.lt\/?page_id=1679\" \/>\n<meta property=\"og:locale\" content=\"lt_LT\" \/>\n<meta property=\"og:type\" content=\"article\" \/>\n<meta property=\"og:title\" content=\"PROJEKTAS\" \/>\n<meta property=\"og:description\" content=\"[vc_row][vc_column][vc_column_text] 2022 spalio m\u0117n. 12 d. Rengimo \u0161eimai asociacija pasira\u0161\u0117 sutart\u012f su LR Sveikatos apsaugos ministerija d\u0117l Valstybinio visuomen\u0117s sveikatos stiprinimo fondo l\u0117\u0161omis finansuojamo projekto\u00a0\u201cNeigiamo skaitmenin\u0117s aplinkos poveikio vaiko asmenybei prevencijos ir ankstyvosios intervencijos mokykloje algoritmas\u201d\u00a0vykdymo. Projekto pagrindinis\u00a0tikslas\u00a0\u2013 sukurti mokykl\u0173 vaiko gerov\u0117s komisijose dirbantiems specialistams (\u0161vietimo pagalbos specialistams, visuomen\u0117s sveikatos specialistams, pedagogams) pritaikyt\u0105 metodin\u0119 priemon\u0119, [&hellip;]\" \/>\n<meta property=\"og:url\" content=\"https:\/\/vaikasinternete.lt\/?page_id=1679\" \/>\n<meta property=\"og:site_name\" content=\"Vaikas internete\" \/>\n<meta property=\"article:modified_time\" content=\"2024-12-19T20:02:17+00:00\" \/>\n<meta property=\"og:image\" content=\"https:\/\/www.vaikasinternete.lt\/wp-content\/uploads\/2022\/11\/SSF-logas-150x150.png\" \/>\n<meta name=\"twitter:card\" content=\"summary_large_image\" \/>\n<meta name=\"twitter:label1\" content=\"Est. reading time\" \/>\n\t<meta name=\"twitter:data1\" content=\"2 minut\u0117s\" \/>\n<script type=\"application\/ld+json\" class=\"yoast-schema-graph\">{\"@context\":\"https:\/\/schema.org\",\"@graph\":[{\"@type\":\"WebPage\",\"@id\":\"https:\/\/vaikasinternete.lt\/?page_id=1679\",\"url\":\"https:\/\/vaikasinternete.lt\/?page_id=1679\",\"name\":\"PROJEKTAS - Vaikas internete\",\"isPartOf\":{\"@id\":\"https:\/\/vaikasinternete.lt\/#website\"},\"primaryImageOfPage\":{\"@id\":\"https:\/\/vaikasinternete.lt\/?page_id=1679#primaryimage\"},\"image\":{\"@id\":\"https:\/\/vaikasinternete.lt\/?page_id=1679#primaryimage\"},\"thumbnailUrl\":\"https:\/\/www.vaikasinternete.lt\/wp-content\/uploads\/2022\/11\/SSF-logas-150x150.png\",\"datePublished\":\"2022-11-12T19:12:43+00:00\",\"dateModified\":\"2024-12-19T20:02:17+00:00\",\"breadcrumb\":{\"@id\":\"https:\/\/vaikasinternete.lt\/?page_id=1679#breadcrumb\"},\"inLanguage\":\"lt-LT\",\"potentialAction\":[{\"@type\":\"ReadAction\",\"target\":[\"https:\/\/vaikasinternete.lt\/?page_id=1679\"]}]},{\"@type\":\"ImageObject\",\"inLanguage\":\"lt-LT\",\"@id\":\"https:\/\/vaikasinternete.lt\/?page_id=1679#primaryimage\",\"url\":\"https:\/\/www.vaikasinternete.lt\/wp-content\/uploads\/2022\/11\/SSF-logas-150x150.png\",\"contentUrl\":\"https:\/\/www.vaikasinternete.lt\/wp-content\/uploads\/2022\/11\/SSF-logas-150x150.png\"},{\"@type\":\"BreadcrumbList\",\"@id\":\"https:\/\/vaikasinternete.lt\/?page_id=1679#breadcrumb\",\"itemListElement\":[{\"@type\":\"ListItem\",\"position\":1,\"name\":\"Home\",\"item\":\"https:\/\/vaikasinternete.lt\/\"},{\"@type\":\"ListItem\",\"position\":2,\"name\":\"PROJEKTAS\"}]},{\"@type\":\"WebSite\",\"@id\":\"https:\/\/vaikasinternete.lt\/#website\",\"url\":\"https:\/\/vaikasinternete.lt\/\",\"name\":\"Vaikas internete\",\"description\":\"Saugesniam rytojui\",\"potentialAction\":[{\"@type\":\"SearchAction\",\"target\":{\"@type\":\"EntryPoint\",\"urlTemplate\":\"https:\/\/vaikasinternete.lt\/?s={search_term_string}\"},\"query-input\":{\"@type\":\"PropertyValueSpecification\",\"valueRequired\":true,\"valueName\":\"search_term_string\"}}],\"inLanguage\":\"lt-LT\"}]}<\/script>\n<!-- \/ Yoast SEO Premium plugin. -->","yoast_head_json":{"title":"PROJEKTAS - Vaikas internete","robots":{"index":"index","follow":"follow","max-snippet":"max-snippet:-1","max-image-preview":"max-image-preview:large","max-video-preview":"max-video-preview:-1"},"canonical":"https:\/\/vaikasinternete.lt\/?page_id=1679","og_locale":"lt_LT","og_type":"article","og_title":"PROJEKTAS","og_description":"[vc_row][vc_column][vc_column_text] 2022 spalio m\u0117n. 12 d. Rengimo \u0161eimai asociacija pasira\u0161\u0117 sutart\u012f su LR Sveikatos apsaugos ministerija d\u0117l Valstybinio visuomen\u0117s sveikatos stiprinimo fondo l\u0117\u0161omis finansuojamo projekto\u00a0\u201cNeigiamo skaitmenin\u0117s aplinkos poveikio vaiko asmenybei prevencijos ir ankstyvosios intervencijos mokykloje algoritmas\u201d\u00a0vykdymo. Projekto pagrindinis\u00a0tikslas\u00a0\u2013 sukurti mokykl\u0173 vaiko gerov\u0117s komisijose dirbantiems specialistams (\u0161vietimo pagalbos specialistams, visuomen\u0117s sveikatos specialistams, pedagogams) pritaikyt\u0105 metodin\u0119 priemon\u0119, [&hellip;]","og_url":"https:\/\/vaikasinternete.lt\/?page_id=1679","og_site_name":"Vaikas internete","article_modified_time":"2024-12-19T20:02:17+00:00","og_image":[{"url":"https:\/\/www.vaikasinternete.lt\/wp-content\/uploads\/2022\/11\/SSF-logas-150x150.png"}],"twitter_card":"summary_large_image","twitter_misc":{"Est. reading time":"2 minut\u0117s"},"schema":{"@context":"https:\/\/schema.org","@graph":[{"@type":"WebPage","@id":"https:\/\/vaikasinternete.lt\/?page_id=1679","url":"https:\/\/vaikasinternete.lt\/?page_id=1679","name":"PROJEKTAS - Vaikas internete","isPartOf":{"@id":"https:\/\/vaikasinternete.lt\/#website"},"primaryImageOfPage":{"@id":"https:\/\/vaikasinternete.lt\/?page_id=1679#primaryimage"},"image":{"@id":"https:\/\/vaikasinternete.lt\/?page_id=1679#primaryimage"},"thumbnailUrl":"https:\/\/www.vaikasinternete.lt\/wp-content\/uploads\/2022\/11\/SSF-logas-150x150.png","datePublished":"2022-11-12T19:12:43+00:00","dateModified":"2024-12-19T20:02:17+00:00","breadcrumb":{"@id":"https:\/\/vaikasinternete.lt\/?page_id=1679#breadcrumb"},"inLanguage":"lt-LT","potentialAction":[{"@type":"ReadAction","target":["https:\/\/vaikasinternete.lt\/?page_id=1679"]}]},{"@type":"ImageObject","inLanguage":"lt-LT","@id":"https:\/\/vaikasinternete.lt\/?page_id=1679#primaryimage","url":"https:\/\/www.vaikasinternete.lt\/wp-content\/uploads\/2022\/11\/SSF-logas-150x150.png","contentUrl":"https:\/\/www.vaikasinternete.lt\/wp-content\/uploads\/2022\/11\/SSF-logas-150x150.png"},{"@type":"BreadcrumbList","@id":"https:\/\/vaikasinternete.lt\/?page_id=1679#breadcrumb","itemListElement":[{"@type":"ListItem","position":1,"name":"Home","item":"https:\/\/vaikasinternete.lt\/"},{"@type":"ListItem","position":2,"name":"PROJEKTAS"}]},{"@type":"WebSite","@id":"https:\/\/vaikasinternete.lt\/#website","url":"https:\/\/vaikasinternete.lt\/","name":"Vaikas internete","description":"Saugesniam rytojui","potentialAction":[{"@type":"SearchAction","target":{"@type":"EntryPoint","urlTemplate":"https:\/\/vaikasinternete.lt\/?s={search_term_string}"},"query-input":{"@type":"PropertyValueSpecification","valueRequired":true,"valueName":"search_term_string"}}],"inLanguage":"lt-LT"}]}},"_links":{"self":[{"href":"https:\/\/vaikasinternete.lt\/index.php?rest_route=\/wp\/v2\/pages\/1679"}],"collection":[{"href":"https:\/\/vaikasinternete.lt\/index.php?rest_route=\/wp\/v2\/pages"}],"about":[{"href":"https:\/\/vaikasinternete.lt\/index.php?rest_route=\/wp\/v2\/types\/page"}],"author":[{"embeddable":true,"href":"https:\/\/vaikasinternete.lt\/index.php?rest_route=\/wp\/v2\/users\/1"}],"replies":[{"embeddable":true,"href":"https:\/\/vaikasinternete.lt\/index.php?rest_route=%2Fwp%2Fv2%2Fcomments&post=1679"}],"version-history":[{"count":19,"href":"https:\/\/vaikasinternete.lt\/index.php?rest_route=\/wp\/v2\/pages\/1679\/revisions"}],"predecessor-version":[{"id":2029,"href":"https:\/\/vaikasinternete.lt\/index.php?rest_route=\/wp\/v2\/pages\/1679\/revisions\/2029"}],"wp:attachment":[{"href":"https:\/\/vaikasinternete.lt\/index.php?rest_route=%2Fwp%2Fv2%2Fmedia&parent=1679"}],"curies":[{"name":"wp","href":"https:\/\/api.w.org\/{rel}","templated":true}]}}